{"id":1965,"date":"2023-03-08T17:03:47","date_gmt":"2023-03-08T16:03:47","guid":{"rendered":"https:\/\/www.servomac.es\/avis-legal-i-condicions-generals-dus\/"},"modified":"2023-03-13T14:54:44","modified_gmt":"2023-03-13T13:54:44","slug":"avis-legal","status":"publish","type":"page","link":"https:\/\/www.servomac.es\/ca\/avis-legal\/","title":{"rendered":"Av\u00eds legal i condicions generals d&#8217;\u00fas"},"content":{"rendered":"\n<div style=\"height:100px\" aria-hidden=\"true\" class=\"wp-block-spacer\"><\/div>\n\n<div class=\"wp-block-group normalp is-layout-constrained wp-block-group-is-layout-constrained\">\n<h1 class=\"wp-block-heading\">Av\u00eds legal i condicions generals d&#8217;\u00fas<\/h1>\n\n\n\n<h4 class=\"wp-block-heading\">https:\/\/www.servomac.es<\/h4>\n\n\n\n<h3 class=\"wp-block-heading\">I. INFORMACI\u00d3 GENERAL<\/h3>\n\n\n\n<p>D&#8217;acord amb l&#8217;article 10 de la Llei 34\/2002, d&#8217;11 de juliol, de Serveis de la Societat de la Informaci\u00f3 i Comer\u00e7 Electr\u00f2nic, posem en el seu coneixement la seg\u00fcent informaci\u00f3:<\/p>\n\n\n\n<p>SERVOMAC EQUIPS S.L. com a titular de *lap\u00e1gina, https:\/\/www.servomac.es\/, (tots els drets reservats), comunica que el present Av\u00eds Legal, ha sigut elaborat de conformitat amb la llei 34\/2002 d&#8217;11 de juliol Serveis de la Societat de la Informaci\u00f3 i comer\u00e7 Electr\u00f2nic, Llei 15\/1999 de 13 de desembre LOPD Llei org\u00e0nica de Protecci\u00f3 de Dades i altres normatives relacionades, a fi de regular l&#8217;\u00fas de la p\u00e0gina d&#8217;internet.<\/p>\n\n\n\n<p>En compliment amb el deure d&#8217;informaci\u00f3 disposat en la Llei 34\/2002 de Serveis de la Societat de la Informaci\u00f3 i el Comer\u00e7 Electr\u00f2nic (LSSI-CE) d&#8217;11 de juliol, es faciliten a continuaci\u00f3 les seg\u00fcents dades d&#8217;informaci\u00f3 general d&#8217;aquest lloc web:<\/p>\n\n\n\n<p>La titularitat d&#8217;aquest lloc web, https:\/\/www.servomac.es, (d&#8217;ara en avant, Lloc web) l&#8217;ostenta: SERVOMAC EQUIPS SL, amb NIF: B-98466766, i les dades de contacte de la qual s\u00f3n:<\/p>\n\n\n\n<p>Adre\u00e7a: Av. Drets Humans N\u00ba3 \u2014 46600 Alzira (Valencia)<\/p>\n\n\n\n<p>Tel\u00e8fon de contacte: 962401974<\/p>\n\n\n\n<p>Email de contacte: servomac@servomac.es<\/p>\n\n\n\n<p>Registre Mercantil de Val\u00e8ncia<\/p>\n\n\n\n<p>Tom 9510, Llibre 6792, Foli 45, Secci\u00f3 8, Fulla V 149873, I\/A 2<\/p>\n\n\n\n<h3 class=\"wp-block-heading\">II. TERMES I CONDICIONS GENERALS D&#8217;\u00daS<\/h3>\n\n\n\n<h4 class=\"wp-block-heading\">L&#8217;objecte de les condicions: El Lloc web<\/h4>\n\n\n\n<p>L&#8217;objecte de les presents Condicions Generals d&#8217;\u00das (d&#8217;ara en avant, Condicions) \u00e9s regular l&#8217;acc\u00e9s i la utilitzaci\u00f3 del Lloc web. A l&#8217;efecte de les presents Condicions s&#8217;entendr\u00e0 com a Lloc web: l&#8217;aparen\u00e7a externa de les interf\u00edcies de pantalla, tant de manera est\u00e0tica com de manera din\u00e0mica, \u00e9s a dir, l&#8217;arbre de navegaci\u00f3; i tots els elements integrats tant en les interf\u00edcies de pantalla com en l&#8217;arbre de navegaci\u00f3 (d&#8217;ara en avant, Continguts) i tots aquells serveis o recursos en l\u00ednia que en el seu cas oferisca als Usuaris (d&#8217;ara en avant, Serveis).<\/p>\n\n\n\n<p>Servomac es reserva la facultat de modificar, en qualsevol moment, i sense av\u00eds previ, la presentaci\u00f3 i configuraci\u00f3 del Lloc web i dels Continguts i Serveis que en ell pogueren estar incorporats. L&#8217;Usuari reconeix i accepta que en qualsevol moment *Servomac puga interrompre, desactivar i\/o cancel\u00b7lar qualsevol d&#8217;aquests elements que s&#8217;integren en el Lloc web o l&#8217;acc\u00e9s a aquests.<\/p>\n\n\n\n<p>L&#8217;acc\u00e9s al Lloc web per l&#8217;Usuari t\u00e9 car\u00e0cter lliure i, per regla general, \u00e9s gratu\u00eft sense que l&#8217;Usuari haja de proporcionar una contraprestaci\u00f3 per a poder gaudir d&#8217;aix\u00f2, excepte en el relatiu al cost de connexi\u00f3 a trav\u00e9s de la xarxa de telecomunicacions subministrada pel prove\u00efdor d&#8217;acc\u00e9s que haguera contractat l&#8217;Usuari.<\/p>\n\n\n\n<p>La utilitzaci\u00f3 dels Continguts no requereix pr\u00e8via subscripci\u00f3 o cap registre.<\/p>\n\n\n\n<h4 class=\"wp-block-heading\">El Usuari<\/h4>\n\n\n\n<p>L&#8217;acc\u00e9s, la navegaci\u00f3 i \u00fas del Lloc web, aix\u00ed com pels espais habilitats per a interactuar entre els Usuaris, i l&#8217;Usuari i *Servomac, com els comentaris i\/o espais de *blogging, confereix la condici\u00f3 d&#8217;Usuari, per la qual cosa s&#8217;accepten, des que s&#8217;inicia la navegaci\u00f3 pel Lloc web, totes les Condicions ac\u00ed establides, aix\u00ed com les seues ulteriors modificacions, sense perjudici de l&#8217;aplicaci\u00f3 de la corresponent normativa legal d&#8217;obligat compliment segons el cas. Donada la rellev\u00e0ncia de l&#8217;anterior, es recomana a l&#8217;Usuari llegir-les cada vegada que visite el Lloc web.<\/p>\n\n\n\n<p>El Lloc web de Servomac proporciona gran diversitat d&#8217;informaci\u00f3, serveis i dades. L&#8217;Usuari assumeix la seua responsabilitat per a realitzar un \u00fas correcte del Lloc web. Aquesta responsabilitat s&#8217;estendr\u00e0 a:<\/p>\n\n\n\n<ul class=\"wp-block-list\">\n<li>Un \u00fas de la informaci\u00f3, Continguts i\/o Serveis i dades oferides per *Servomac sense que siga contrari al que es disposa per les presents Condicions, la Llei, la moral o l&#8217;ordre p\u00fablic, o que de qualsevol altra manera puguen suposar lesi\u00f3 dels drets de tercers o del mateix funcionament del Lloc web.<\/li>\n\n\n\n<li>La veracitat i licitud de les informacions aportades per l&#8217;Usuari en els formularis estesos per Servomac per a l&#8217;acc\u00e9s a uns certs Continguts o Serveis oferits pel Lloc web. En tot cas, l&#8217;Usuari notificar\u00e0 de manera immediata a *Servomac sobre qualsevol fet que permeta l&#8217;\u00fas indegut de la informaci\u00f3 registrada en aquests formularis, com ara, per\u00f2 no sols, el robatori, extraviament, o l&#8217;acc\u00e9s no autoritzat a identificadors i\/o contrasenyes, amb la finalitat de procedir a la seua immediata cancel\u00b7laci\u00f3.<\/li>\n<\/ul>\n\n\n\n<p>En qualsevol cas, *Servomac no ser\u00e0 responsable de les opinions abocades pels Usuaris a trav\u00e9s de comentaris o altres eines de *blogging o de participaci\u00f3 que puga haver-hi.<\/p>\n\n\n\n<p>El mer acc\u00e9s a aquest Lloc web no suposa entaular cap mena de relaci\u00f3 de car\u00e0cter comercial entre Servomac i l&#8217;Usuari.<\/p>\n\n\n\n<p>Sempre en el respecte de la legislaci\u00f3 vigent, aquest Lloc web de Servomac es dirigeix a totes les persones, sense importar la seua edat, que puguen accedir i\/o navegar per les p\u00e0gines del Lloc web.<\/p>\n\n\n\n<p>El Lloc web est\u00e0 dirigit principalment a Usuaris residents a Espanya. Servomac no assegura que el Lloc web complisca amb legislacions d&#8217;altres pa\u00efsos, ja siga totalment o parcialment. Si l&#8217;Usuari resideix o t\u00e9 el seu domiciliat en un altre lloc i decideix accedir i\/o navegar en el Lloc web el far\u00e0 sota la seua pr\u00f2pia responsabilitat, haur\u00e0 d&#8217;assegurar-se que tal acc\u00e9s i navegaci\u00f3 compleix amb la legislaci\u00f3 local que li \u00e9s aplicable, no assumint *Servomac cap responsabilitat que es puga derivar d&#8217;aquest acc\u00e9s.<\/p>\n\n\n\n<h3 class=\"wp-block-heading\">III. ACC\u00c9S I NAVEGACI\u00d3 EN EL LLOC WEB: EXCLUSI\u00d3 DE GARANTIES I RESPONSABILITAT<\/h3>\n\n\n\n<p>Servomac no garanteix la continu\u00eftat, disponibilitat i utilitat del Lloc web, ni dels Continguts o Serveis. Servomac far\u00e0 tot el possible pel bon funcionament del Lloc web, no obstant aix\u00f2, no es responsabilitza ni garanteix que l&#8217;acc\u00e9s a aquest Lloc web no vaja a ser ininterromput o que estiga lliure d&#8217;error.<\/p>\n\n\n\n<p>Tampoc es responsabilitza o garanteix que el contingut o programari al qual puga accedir-se a trav\u00e9s d&#8217;aquest Lloc web, estiga lliure d&#8217;error o cause un mal al sistema inform\u00e0tic (programari i maquinari) de l&#8217;Usuari. En cap cas Servomac ser\u00e0 responsable per les p\u00e8rdues, danys o perjudicis de qualsevol tipus que sorgisquen per l&#8217;acc\u00e9s, navegaci\u00f3 i l&#8217;\u00fas del Lloc web, incloent-se, per\u00f2 no limitant-se, als ocasionats als sistemes inform\u00e0tics o els provocats per la introducci\u00f3 de virus.<\/p>\n\n\n\n<p>Servomac tampoc es fa responsable dels danys que pogueren ocasionar-se als usuaris per un \u00fas inadequat d&#8217;aquest Lloc web. En particular, no es fa responsable de cap manera de les caigudes, interrupcions, falta o defecte de les telecomunicacions que pogueren oc\u00f3rrer.<\/p>\n\n\n\n<h3 class=\"wp-block-heading\">IV. POL\u00cdTICA DE ENLACES<\/h3>\n\n\n\n<p>S&#8217;informa que el Lloc web de Servomac posa o pot posar a la disposici\u00f3 dels Usuaris mitjans d&#8217;enlla\u00e7 (com, entre altres, links, b\u00e0ners, botons), directoris i motors de cerca que permeten als Usuaris accedir a llocs web pertanyents i\/o gestionats per tercers.<\/p>\n\n\n\n<p>La instal\u00b7laci\u00f3 d&#8217;aquests enlla\u00e7os, directoris i motors de cerca en el Lloc web t\u00e9 per objecte facilitar als Usuaris la cerca d&#8217;i acc\u00e9s a la informaci\u00f3 disponible en Internet, sense que puga considerar-se un suggeriment, recomanaci\u00f3 o invitaci\u00f3 per a la visita d&#8217;aquests.<\/p>\n\n\n\n<p>Servomac no ofereix ni comercialitza per si ni per mitj\u00e0 de tercers els productes i\/o serveis disponibles en aquests llocs enlla\u00e7ats.<\/p>\n\n\n\n<p>Servomac ofereix continguts patrocinats, anuncis i\/o enlla\u00e7os d&#8217;afiliats. La informaci\u00f3 que apareix en aquests enlla\u00e7os d&#8217;afiliats o els anuncis inserits, s\u00f3n facilitats pels propis anunciants, per la qual cosa *Servomac no es fa responsable de possibles inexactituds o errors que pogueren contindre els anuncis, ni garanteix de cap manera l&#8217;experi\u00e8ncia, integritat o responsabilitat dels anunciants o la qualitat dels seus productes i\/o serveis.<\/p>\n\n\n\n<p>Aix\u00ed mateix, tampoc garantir\u00e0 la disponibilitat t\u00e8cnica, exactitud, veracitat, validesa o legalitat de llocs aliens a la seua propietat als quals es puga accedir per mitj\u00e0 dels enlla\u00e7os.<\/p>\n\n\n\n<p>Servomac en cap cas revisar\u00e0 o controlar\u00e0 el contingut d&#8217;altres llocs web, aix\u00ed com tampoc aprova, examina ni fa propis els productes i serveis, continguts, arxius i qualsevol altre material existent en els referits llocs enlla\u00e7ats.<\/p>\n\n\n\n<p>Servomac no assumeix cap responsabilitat pels danys i perjudicis que pogueren produir-se per l&#8217;acc\u00e9s, \u00fas, qualitat o licitud dels continguts, comunicacions, opinions, productes i serveis dels llocs web no gestionats per Servomac i que siguen enlla\u00e7ats en aquest Lloc web.<\/p>\n\n\n\n<p>L&#8217;Usuari o tercer que realitze un enlla\u00e7 des d&#8217;una p\u00e0gina web d&#8217;un altre, diferent, lloc web al Lloc web de Servomac haur\u00e0 de saber que:<\/p>\n\n\n\n<p>No es permet la reproducci\u00f3 \u2014totalment o parcialment\u2014 de cap dels Continguts i\/o Serveis del Lloc web sense autoritzaci\u00f3 expressa de Servomac.<\/p>\n\n\n\n<p>No es permet tampoc cap manifestaci\u00f3 falsa, inexacta o incorrecta sobre el Lloc web de Servomac, ni sobre els Continguts i\/o Serveis d&#8217;aquest.<\/p>\n\n\n\n<p>A excepci\u00f3 de l&#8217;enlla\u00e7, el lloc web en el qual s&#8217;establisca aquest enlla\u00e7 no contindr\u00e0 cap element, d&#8217;aquest Lloc web, protegit com a propietat intel\u00b7lectual per l&#8217;ordenament jur\u00eddic espanyol, excepte autoritzaci\u00f3 expressa de *Servomac.<\/p>\n\n\n\n<p>L&#8217;establiment de l&#8217;enlla\u00e7 no implicar\u00e0 l&#8217;exist\u00e8ncia de relacions entre Servomac i el titular del lloc web des del qual es realitze, ni el coneixement i acceptaci\u00f3 de Servomac dels continguts, serveis i\/o activitats oferits en aquest lloc web, i viceversa.<\/p>\n\n\n\n<h3 class=\"wp-block-heading\">V. PROPIETAT INTEL\u00b7LECTUAL I INDUSTRIAL<\/h3>\n\n\n\n<p>Servomac per si o com a part cession\u00e0ria, \u00e9s titular de tots els drets de propietat intel\u00b7lectual i industrial del Lloc web, aix\u00ed com dels elements continguts en el mateix (a t\u00edtol enunciatiu i no exhaustiu, imatges, so, \u00e0udio, v\u00eddeo, programari o textos, marques o logotips, combinacions de colors, estructura i disseny, selecci\u00f3 de materials usats, programes d&#8217;ordinador necessaris per al seu funcionament, acc\u00e9s i \u00fas, etc.). Seran, per conseg\u00fcent, obres protegides com a propietat intel\u00b7lectual per l&#8217;ordenament jur\u00eddic espanyol, sent-los aplicables tant la normativa espanyola i comunit\u00e0ria en aquest camp, com els tractats internacionals relatius a la mat\u00e8ria i subscrits per Espanya.<\/p>\n\n\n\n<p>Tots els drets reservats. En virtut del que es disposa en la Llei de Propietat Intel\u00b7lectual, queden expressament prohibides la reproducci\u00f3, la distribuci\u00f3 i la comunicaci\u00f3 p\u00fablica, inclosa la seua modalitat de posada a disposici\u00f3, de la totalitat o part dels continguts d&#8217;aquesta p\u00e0gina web, amb finalitats comercials, en qualsevol suport i per qualsevol mig t\u00e8cnic, sense l&#8217;autoritzaci\u00f3 de *Servomac.<\/p>\n\n\n\n<p>L&#8217;Usuari es compromet a respectar els drets de propietat intel\u00b7lectual i industrial de Servomac. Podr\u00e0 visualitzar els elements del Lloc web o fins i tot imprimir-los, copiar-los i emmagatzemar-los en el disc dur del seu ordinador o en qualsevol altre suport f\u00edsic sempre que siga, exclusivament, per al seu \u00fas personal. L&#8217;Usuari, no obstant aix\u00f2, no podr\u00e0 suprimir, alterar, o manipular qualsevol dispositiu de protecci\u00f3 o sistema de seguretat que estiguera instal\u00b7lat en el Lloc web.<\/p>\n\n\n\n<p>En cas que l&#8217;Usuari o tercer considere que qualsevol dels Continguts del Lloc web supose una violaci\u00f3 dels drets de protecci\u00f3 de la propietat intel\u00b7lectual, haur\u00e0 de comunicar-ho immediatament a *Servomac a trav\u00e9s de les dades de contacte de l&#8217;apartat d&#8217;INFORMACI\u00d3 GENERAL d&#8217;aquest Av\u00eds Legal i Condicions Generals d&#8217;\u00das.<\/p>\n\n\n\n<h3 class=\"wp-block-heading\">VI. ACCIONS LEGALS, LEGISLACI\u00d3 APLICABLE I JURISDICCI\u00d3<\/h3>\n\n\n\n<p>Servomac es reserva la facultat de presentar les accions civils o penals que considere necess\u00e0ries per la utilitzaci\u00f3 indeguda del Lloc web i Continguts, o per l&#8217;incompliment de les presents Condicions.<\/p>\n\n\n\n<p>La relaci\u00f3 entre l&#8217;Usuari i *Servomac es regir\u00e0 per la normativa vigent i d&#8217;aplicaci\u00f3 en el territori espanyol. De sorgir qualsevol controv\u00e8rsia en relaci\u00f3 amb la interpretaci\u00f3 i\/o a l&#8217;aplicaci\u00f3 d&#8217;aquestes Condicions les parts sotmetran els seus conflictes a la jurisdicci\u00f3 ordin\u00e0ria sotmetent-se als jutges i tribunals que corresponguen conforme a dret.<\/p>\n<\/div>\n\n<div style=\"height:100px\" aria-hidden=\"true\" class=\"wp-block-spacer\"><\/div>\n","protected":false},"excerpt":{"rendered":"<p>Av\u00eds legal i condicions generals d&#8217;\u00fas https:\/\/www.servomac.es I. INFORMACI\u00d3 GENERAL D&#8217;acord amb l&#8217;article 10 de la Llei 34\/2002, d&#8217;11 de juliol, de Serveis de la Societat de la Informaci\u00f3 i Comer\u00e7 Electr\u00f2nic, posem en el seu coneixement la seg\u00fcent informaci\u00f3: SERVOMAC EQUIPS S.L. com a titular de *lap\u00e1gina, https:\/\/www.servomac.es\/, (tots els drets reservats), comunica que [&hellip;]<\/p>\n","protected":false},"author":4,"featured_media":0,"parent":0,"menu_order":0,"comment_status":"closed","ping_status":"closed","template":"","meta":{"_eb_attr":"","inline_featured_image":false,"footnotes":""},"class_list":["post-1965","page","type-page","status-publish","hentry"],"_links":{"self":[{"href":"https:\/\/www.servomac.es\/ca\/wp-json\/wp\/v2\/pages\/1965","targetHints":{"allow":["GET"]}}],"collection":[{"href":"https:\/\/www.servomac.es\/ca\/wp-json\/wp\/v2\/pages"}],"about":[{"href":"https:\/\/www.servomac.es\/ca\/wp-json\/wp\/v2\/types\/page"}],"author":[{"embeddable":true,"href":"https:\/\/www.servomac.es\/ca\/wp-json\/wp\/v2\/users\/4"}],"replies":[{"embeddable":true,"href":"https:\/\/www.servomac.es\/ca\/wp-json\/wp\/v2\/comments?post=1965"}],"version-history":[{"count":3,"href":"https:\/\/www.servomac.es\/ca\/wp-json\/wp\/v2\/pages\/1965\/revisions"}],"predecessor-version":[{"id":1968,"href":"https:\/\/www.servomac.es\/ca\/wp-json\/wp\/v2\/pages\/1965\/revisions\/1968"}],"wp:attachment":[{"href":"https:\/\/www.servomac.es\/ca\/wp-json\/wp\/v2\/media?parent=1965"}],"curies":[{"name":"wp","href":"https:\/\/api.w.org\/{rel}","templated":true}]}}