{"id":1969,"date":"2023-03-08T17:52:36","date_gmt":"2023-03-08T16:52:36","guid":{"rendered":"https:\/\/www.servomac.es\/compressors\/"},"modified":"2023-03-13T15:47:23","modified_gmt":"2023-03-13T14:47:23","slug":"compressors","status":"publish","type":"page","link":"https:\/\/www.servomac.es\/ca\/compressors\/","title":{"rendered":"Compressors"},"content":{"rendered":"\n<div class=\"wp-block-cover alignfull\" style=\"padding-top:60px;padding-right:65px;padding-bottom:60px;padding-left:65px;min-height:158px;aspect-ratio:unset;\"><span aria-hidden=\"true\" class=\"wp-block-cover__background has-background-dim-100 has-background-dim\" style=\"background-color:#194b94\"><\/span><div class=\"wp-block-cover__inner-container is-layout-flow wp-block-cover-is-layout-flow\">\n<h1 class=\"has-text-align-center has-white-color has-text-color wp-block-heading\" style=\"font-size:32px\">Compressors<\/h1>\n<\/div><\/div>\n\n<div class=\"wp-block-group comp-card is-layout-constrained wp-block-group-is-layout-constrained\">\n<div class=\"wp-block-columns alignwide are-vertically-aligned-center is-layout-flex wp-container-core-columns-is-layout-07b7b7eb wp-block-columns-is-layout-flex\" style=\"padding-top:0;padding-right:0;padding-bottom:0;padding-left:0\">\n<div class=\"wp-block-column is-vertically-aligned-center is-layout-flow wp-block-column-is-layout-flow\" style=\"padding-top:0;padding-right:0;padding-bottom:0;padding-left:0;flex-basis:250px\">\n<div class=\"wp-block-group home-button-product div-link has-text-color is-vertical is-content-justification-center is-layout-flex wp-container-core-group-is-layout-59763d7b wp-block-group-is-layout-flex\" style=\"border-radius:12px;color:#1d58ad;padding-top:24px;padding-right:32px;padding-bottom:24px;padding-left:32px\">\n<p class=\"has-text-align-center\" style=\"font-size:20px;font-style:normal;font-weight:700\"><a href=\"#piston\">Pist\u00f3<\/a><\/p>\n\n\n\n<figure class=\"wp-block-image size-large\"><img decoding=\"async\" width=\"72\" height=\"70\" src=\"https:\/\/www.servomac.es\/wp-content\/uploads\/2023\/03\/piston.svg\" alt=\"Pist&#xF3;\" class=\"wp-image-1319\" title=\"\"><\/figure><\/div>\n<\/div>\n\n\n\n<div class=\"wp-block-column is-vertically-aligned-center is-layout-flow wp-block-column-is-layout-flow\" style=\"padding-top:0;padding-right:0;padding-bottom:0;padding-left:0;flex-basis:250px\">\n<div class=\"wp-block-group home-button-product div-link has-text-color is-vertical is-content-justification-center is-layout-flex wp-container-core-group-is-layout-59763d7b wp-block-group-is-layout-flex\" style=\"border-radius:12px;color:#1d58ad;padding-top:24px;padding-right:32px;padding-bottom:24px;padding-left:32px\">\n<p style=\"font-size:20px;font-style:normal;font-weight:700\"><a href=\"#tornillo\">Caragol<\/a><\/p>\n\n\n\n<figure class=\"wp-block-image size-large\"><img decoding=\"async\" width=\"72\" height=\"70\" src=\"https:\/\/www.servomac.es\/wp-content\/uploads\/2023\/03\/Tornillo.svg\" alt=\"Caragol\" class=\"wp-image-1320\" title=\"\"><\/figure><\/div>\n<\/div>\n\n\n\n<div class=\"wp-block-column is-vertically-aligned-center is-layout-constrained wp-container-core-column-is-layout-89f5a3b9 wp-block-column-is-layout-constrained\" style=\"padding-top:0;padding-right:0;padding-bottom:0;padding-left:0;flex-basis:250px\">\n<div class=\"wp-block-group home-button-product div-link has-text-color is-vertical is-content-justification-center is-layout-flex wp-container-core-group-is-layout-59763d7b wp-block-group-is-layout-flex\" style=\"border-radius:12px;color:#1d58ad;padding-top:24px;padding-right:32px;padding-bottom:24px;padding-left:32px\">\n<p style=\"font-size:20px;font-style:normal;font-weight:700\"><a href=\"#complementos\">Complement<\/a><\/p>\n\n\n\n<figure class=\"wp-block-image size-large\"><img decoding=\"async\" width=\"72\" height=\"70\" src=\"https:\/\/www.servomac.es\/wp-content\/uploads\/2023\/03\/Complementos.svg\" alt=\"Complement\" class=\"wp-image-1324\" title=\"\"><\/figure><\/div>\n<\/div>\n<\/div>\n<\/div>\n\n<div class=\"wp-block-group alignfull has-white-background-color has-background is-layout-constrained wp-block-group-is-layout-constrained\" id=\"piston\">\n<div class=\"wp-block-group comp-grp is-layout-constrained wp-block-group-is-layout-constrained\">\n<h2 class=\"wp-block-heading\">Compressors de Pist\u00f3<\/h2>\n\n\n\n<hr class=\"wp-block-separator has-text-color has-alpha-channel-opacity has-background is-style-default\" style=\"background-color:#f6a62b;color:#f6a62b\"\/>\n\n\n\n<div class=\"wp-block-columns is-layout-flex wp-container-core-columns-is-layout-28f84493 wp-block-columns-is-layout-flex\">\n<div class=\"wp-block-column is-layout-flow wp-block-column-is-layout-flow\" style=\"flex-basis:66.66%\">\n<p>Els compressors de pist\u00f3 continuen sent l&#8217;elecci\u00f3 preferida per petits i mitjans tallers mec\u00e0nics i de reparaci\u00f3 de cotxes. Els compressors d&#8217;aire de pist\u00f3 s\u00f3n una elecci\u00f3 encertada en aquests casos, ja que s\u00f3n uns equips econ\u00f2mics capa\u00e7os de proveir d&#8217;aire comprimit a aquests tallers mec\u00e0nics de cotxes i motos, sent la soluci\u00f3 per a tindre aire comprimit en els elevadors de cotxes, en les desmuntadores de rodes, i en qualsevol equip que el necessite.<\/p>\n\n\n\n<p>A m\u00e9s, el seu manteniment \u00e9s econ\u00f2mic i cada vegada solen ser m\u00e9s silenciosos en el seu funcionament.<br\/>En els compressors d&#8217;aire de pist\u00f3, l&#8217;aire \u00e9s aspirat a l&#8217;interior d&#8217;un cilindre, per l&#8217;acci\u00f3 d&#8217;un pist\u00f3 accionat per una biela i un cigonyal. Aqueix mateix pist\u00f3, en realitzar el moviment contrari, comprimeix l&#8217;aire a l&#8217;interior de l&#8217;esmentat cilindre, alliberant-lo a la instal\u00b7laci\u00f3 d&#8217;aire comprimit o a la seg\u00fcent etapa, una vegada aconseguida la pressi\u00f3 requerida.<\/p>\n\n\n\n<p>Els compressors de pist\u00f3 tenen una \u00e0mplia gamma de pot\u00e8ncia i d&#8217;emmagatzematge. A m\u00e9s pots configurar-los amb silenciador, amb dep\u00f2sit d&#8217;aire vertical, etc\u2026<\/p>\n\n\n\n<p>PREGUNTA PER LES NOSTRES OFERTES PERSONALITZADES PER A COMPRESSORS DE PIST\u00d3.<\/p>\n\n\n\n<div class=\"wp-block-buttons is-layout-flex wp-block-buttons-is-layout-flex\">\n<div class=\"wp-block-button\"><a class=\"wp-block-button__link wp-element-button\" href=\"\/wp-content\/uploads\/2023\/03\/Compresores-Piston.pdf\" target=\"_blank\" rel=\"noreferrer noopener\">Descarregar cat\u00e0leg C. De Pist\u00f3<\/a><\/div>\n<\/div>\n<\/div>\n\n\n\n<div class=\"wp-block-column is-layout-flow wp-block-column-is-layout-flow\" style=\"flex-basis:33.33%\">\n<figure class=\"wp-block-image size-full\"><img decoding=\"async\" width=\"500\" height=\"475\" src=\"https:\/\/www.servomac.es\/wp-content\/uploads\/2023\/03\/AB-100_268-500x475-1.jpg\" alt=\"AB-100_268-500x475\" class=\"wp-image-1330\" title=\"\" srcset=\"https:\/\/www.servomac.es\/wp-content\/uploads\/2023\/03\/AB-100_268-500x475-1.jpg 500w, https:\/\/www.servomac.es\/wp-content\/uploads\/2023\/03\/AB-100_268-500x475-1-300x285.jpg 300w\" sizes=\"(max-width: 500px) 100vw, 500px\" \/><\/figure><\/div>\n<\/div>\n<\/div>\n<\/div>\n\n<div class=\"wp-block-group alignfull has-white-background-color has-background is-layout-constrained wp-block-group-is-layout-constrained\" id=\"tornillo\">\n<div class=\"wp-block-group comp-grp is-layout-constrained wp-block-group-is-layout-constrained\">\n<h2 class=\"wp-block-heading\">Compressors de Caragol<\/h2>\n\n\n\n<hr class=\"wp-block-separator has-text-color has-alpha-channel-opacity has-background is-style-default\" style=\"background-color:#f6a62b;color:#f6a62b\"\/>\n\n\n\n<div class=\"wp-block-columns is-layout-flex wp-container-core-columns-is-layout-28f84493 wp-block-columns-is-layout-flex\">\n<div class=\"wp-block-column is-layout-flow wp-block-column-is-layout-flow\" style=\"flex-basis:66.66%\">\n<p>Els compressors de caragol amb equips m\u00e9s potents, per aix\u00f2 s\u00f3n els compressors d&#8217;aire perfectes per a Concessionaris de Cotxes, grans tallers mec\u00e0nics de cotxes i camions, instal\u00b7lacions d&#8217;aire en industrials i concessionaris de vehicles.<\/p>\n\n\n\n<p>S\u00f3n uns equips m\u00e9s eficients i potents, amb una alta durabilitat i resist\u00e8ncia que suporta les exig\u00e8ncies a les quals estan sotmesos en el treball del dia a dia. Quasi totalment imperceptibles, destaquen pel seu silenci i pel seu f\u00e0cil manteniment.<\/p>\n\n\n\n<p>La tecnologia dels compressors de caragol es basa en el despla\u00e7ament de l&#8217;aire, a trav\u00e9s de les cambres que es creen amb el gir simultani i en sentit contrari, de dos caragols, un mascle i un altre femella. L&#8217;aire plena els espais creats entre tots dos caragols, augmentant la pressi\u00f3 segons es va reduint el volum en les citades cambres.<\/p>\n\n\n\n<p>PREGUNTA PER LES NOSTRES OFERTES PERSONALITZADES PER A COMPRESSORS DE CARAGOL<\/p>\n\n\n\n<div class=\"wp-block-buttons is-layout-flex wp-block-buttons-is-layout-flex\">\n<div class=\"wp-block-button\"><a class=\"wp-block-button__link wp-element-button\" href=\"\/wp-content\/uploads\/2023\/03\/Compresores-Tornillo.pdf\" target=\"_blank\" rel=\"noreferrer noopener\">Descarregar cat\u00e0leg C. De Caragol<\/a><\/div>\n<\/div>\n<\/div>\n\n\n\n<div class=\"wp-block-column is-layout-flow wp-block-column-is-layout-flow\" style=\"flex-basis:33.33%\">\n<figure class=\"wp-block-image size-full\"><img decoding=\"async\" width=\"500\" height=\"544\" src=\"https:\/\/www.servomac.es\/wp-content\/uploads\/2023\/03\/FOTO-GRUPPO-NEW-SILVER-3-500x544-1.jpg\" alt=\"FOTO-GRUPPO-NEW-SILVER-3-500x544\" class=\"wp-image-1346\" title=\"\" srcset=\"https:\/\/www.servomac.es\/wp-content\/uploads\/2023\/03\/FOTO-GRUPPO-NEW-SILVER-3-500x544-1.jpg 500w, https:\/\/www.servomac.es\/wp-content\/uploads\/2023\/03\/FOTO-GRUPPO-NEW-SILVER-3-500x544-1-276x300.jpg 276w\" sizes=\"(max-width: 500px) 100vw, 500px\" \/><\/figure><\/div>\n<\/div>\n<\/div>\n<\/div>\n\n<div class=\"wp-block-group alignfull has-white-background-color has-background is-layout-constrained wp-block-group-is-layout-constrained\" id=\"complementos\">\n<div class=\"wp-block-group comp-grp is-layout-constrained wp-block-group-is-layout-constrained\">\n<h2 class=\"wp-block-heading\">Complements del compressor<\/h2>\n\n\n\n<hr class=\"wp-block-separator has-text-color has-alpha-channel-opacity has-background is-style-default\" style=\"background-color:#f6a62b;color:#f6a62b\"\/>\n\n\n\n<div class=\"wp-block-columns is-layout-flex wp-container-core-columns-is-layout-28f84493 wp-block-columns-is-layout-flex\">\n<div class=\"wp-block-column is-layout-flow wp-block-column-is-layout-flow\" style=\"flex-basis:66.66%\">\n<p>Disposem d&#8217;un ampli cat\u00e0leg d&#8217;accessoris i equips per a complementar la instal\u00b7laci\u00f3 d&#8217;aire comprimit del teu taller mec\u00e0nic de cotxes i motos. Des d&#8217;assecadors que s&#8217;acoblen al compressor d&#8217;aire, dep\u00f2sits verticals, cap\u00e7als de compressors, etc\u2026<br\/>Tamb\u00e9 tenim tots els productes necessaris per a realitzar la revisi\u00f3 de manteniment del teu compressor.<\/p>\n\n\n\n<p>I recorda, tot compressor d&#8217;aire comprimit ha d&#8217;estar donat d&#8217;alta en el registre d&#8217;Ind\u00fastria. Podem tramitar aquestes gestions i posar el teu taller al dia.<\/p>\n\n\n\n<p>PREGUNTA PER LES NOSTRES OFERTES PERSONALITZADES PER A QUALSEVOL ACCESSORI.<\/p>\n\n\n\n<div class=\"wp-block-buttons is-layout-flex wp-block-buttons-is-layout-flex\">\n<div class=\"wp-block-button\"><a class=\"wp-block-button__link wp-element-button\" href=\"\/wp-content\/uploads\/2023\/03\/Accesorios-Compresores.pdf\" target=\"_blank\" rel=\"noreferrer noopener\">Descarregar cat\u00e0leg complements del C.<\/a><\/div>\n<\/div>\n<\/div>\n\n\n\n<div class=\"wp-block-column is-layout-flow wp-block-column-is-layout-flow\" style=\"flex-basis:33.33%\">\n<figure class=\"wp-block-image size-full\"><img decoding=\"async\" width=\"200\" height=\"200\" src=\"https:\/\/www.servomac.es\/wp-content\/uploads\/2023\/03\/manometro-200x200-1.jpg\" alt=\"manometro-200x200\" class=\"wp-image-1348\" title=\"\" srcset=\"https:\/\/www.servomac.es\/wp-content\/uploads\/2023\/03\/manometro-200x200-1.jpg 200w, https:\/\/www.servomac.es\/wp-content\/uploads\/2023\/03\/manometro-200x200-1-150x150.jpg 150w\" sizes=\"(max-width: 200px) 100vw, 200px\" \/><\/figure><\/div>\n<\/div>\n<\/div>\n<\/div>\n","protected":false},"excerpt":{"rendered":"<p>Pist\u00f3 Caragol Complement Compressors de Pist\u00f3 Els compressors de pist\u00f3 continuen sent l&#8217;elecci\u00f3 preferida per petits i mitjans tallers mec\u00e0nics i de reparaci\u00f3 de cotxes. Els compressors d&#8217;aire de pist\u00f3 s\u00f3n una elecci\u00f3 encertada en aquests casos, ja que s\u00f3n uns equips econ\u00f2mics capa\u00e7os de proveir d&#8217;aire comprimit a aquests tallers mec\u00e0nics de cotxes i [&hellip;]<\/p>\n","protected":false},"author":1,"featured_media":0,"parent":0,"menu_order":0,"comment_status":"closed","ping_status":"closed","template":"","meta":{"_eb_attr":"","inline_featured_image":false,"footnotes":""},"class_list":["post-1969","page","type-page","status-publish","hentry"],"_links":{"self":[{"href":"https:\/\/www.servomac.es\/ca\/wp-json\/wp\/v2\/pages\/1969","targetHints":{"allow":["GET"]}}],"collection":[{"href":"https:\/\/www.servomac.es\/ca\/wp-json\/wp\/v2\/pages"}],"about":[{"href":"https:\/\/www.servomac.es\/ca\/wp-json\/wp\/v2\/types\/page"}],"author":[{"embeddable":true,"href":"https:\/\/www.servomac.es\/ca\/wp-json\/wp\/v2\/users\/1"}],"replies":[{"embeddable":true,"href":"https:\/\/www.servomac.es\/ca\/wp-json\/wp\/v2\/comments?post=1969"}],"version-history":[{"count":5,"href":"https:\/\/www.servomac.es\/ca\/wp-json\/wp\/v2\/pages\/1969\/revisions"}],"predecessor-version":[{"id":2080,"href":"https:\/\/www.servomac.es\/ca\/wp-json\/wp\/v2\/pages\/1969\/revisions\/2080"}],"wp:attachment":[{"href":"https:\/\/www.servomac.es\/ca\/wp-json\/wp\/v2\/media?parent=1969"}],"curies":[{"name":"wp","href":"https:\/\/api.w.org\/{rel}","templated":true}]}}