{"id":2012,"date":"2023-01-02T13:00:59","date_gmt":"2023-01-02T12:00:59","guid":{"rendered":"https:\/\/www.servomac.es\/serveis\/"},"modified":"2023-03-13T16:36:49","modified_gmt":"2023-03-13T15:36:49","slug":"serveis","status":"publish","type":"page","link":"https:\/\/www.servomac.es\/ca\/serveis\/","title":{"rendered":"Serveis"},"content":{"rendered":"\n<div class=\"wp-block-cover alignfull header-blue\" style=\"padding-top:60px;padding-right:65px;padding-bottom:60px;padding-left:65px;min-height:158px;aspect-ratio:unset;\"><span aria-hidden=\"true\" class=\"wp-block-cover__background has-background-dim-100 has-background-dim\" style=\"background-color:#194b94\"><\/span><div class=\"wp-block-cover__inner-container is-layout-flow wp-block-cover-is-layout-flow\">\n<h1 class=\"has-text-align-center has-white-color has-text-color wp-block-heading\" style=\"font-size:32px\">Serveis maquin\u00e0ria taller<\/h1>\n<\/div><\/div>\n\n\n\n<div class=\"wp-block-group card-company emp-grid-odd trn-card-company is-content-justification-left is-nowrap is-layout-flex wp-container-core-group-is-layout-d4ef7190 wp-block-group-is-layout-flex\" style=\"border-top-color:var(--wp--preset--color--transparent);border-top-width:60px;border-right-style:none;border-right-width:0px;border-bottom-color:var(--wp--preset--color--transparent);border-bottom-width:90px;border-left-style:none;border-left-width:0px\">\n<div class=\"wp-block-group is-layout-constrained wp-block-group-is-layout-constrained\">\n<figure class=\"wp-block-image size-large has-custom-border img-company wp-duotone-unset-1\"><img decoding=\"async\" width=\"1024\" height=\"683\" src=\"https:\/\/www.servomac.es\/wp-content\/uploads\/2023\/01\/pexels-artem-podrez-8986070-1024x683.jpg\" alt=\"Maquin\u00e0ria taller\" class=\"wp-image-290\" style=\"border-top-left-radius:24px;border-top-right-radius:0px;border-bottom-left-radius:24px;border-bottom-right-radius:0px\" title=\"\" srcset=\"https:\/\/www.servomac.es\/wp-content\/uploads\/2023\/01\/pexels-artem-podrez-8986070-1024x683.jpg 1024w, https:\/\/www.servomac.es\/wp-content\/uploads\/2023\/01\/pexels-artem-podrez-8986070-300x200.jpg 300w, https:\/\/www.servomac.es\/wp-content\/uploads\/2023\/01\/pexels-artem-podrez-8986070-768x512.jpg 768w, https:\/\/www.servomac.es\/wp-content\/uploads\/2023\/01\/pexels-artem-podrez-8986070-1536x1024.jpg 1536w, https:\/\/www.servomac.es\/wp-content\/uploads\/2023\/01\/pexels-artem-podrez-8986070-2048x1365.jpg 2048w\" sizes=\"(max-width: 1024px) 100vw, 1024px\" \/><\/figure>\n<\/div>\n\n\n\n<div class=\"wp-block-group company-card-text has-white-background-color has-background is-vertical is-content-justification-left is-layout-flex wp-container-core-group-is-layout-acb983f3 wp-block-group-is-layout-flex\" style=\"border-top-left-radius:0px;border-top-right-radius:24px;border-bottom-left-radius:0px;border-bottom-right-radius:24px;padding-top:60px;padding-right:45px;padding-bottom:60px;padding-left:45px\">\n<h2 class=\"has-text-align-left has-text-color wp-block-heading\" style=\"color:#1d58ad;font-size:24px\">Revisions i Manteniment maquin\u00e0ria taller<\/h2>\n\n\n\n<hr class=\"wp-block-separator has-text-color has-alpha-channel-opacity has-background line-company\" style=\"background-color:#f6a62b;color:#f6a62b\"\/>\n\n\n\n<p class=\"home-card-text\" style=\"font-size:16px;font-style:normal;font-weight:400\">En Servomac posem a la teua disposici\u00f3 totes les operacions de revisi\u00f3 i manteniment, tant preventiu com correctiu, per al compliment de les disposicions m\u00ednimes de seguretat i salut de la normativa RD 1215\/97 i la nova normativa obligat\u00f2ria EN 1493-2011 referent als elevadors de cotxes i a l&#8217;\u00fas de compressors d&#8217;aire.<br><br>La revisi\u00f3 i manteniment de l&#8217;equipament de maquin\u00e0ria taller contribuir\u00e0 directament en la seguretat i el correcte funcionament de la maquin\u00e0ria, optimitzant la inversi\u00f3 realitzada i minimitzant intervencions i reparacions futures.<br><br>En cadascun dels manteniments que realitzem, verifiquem tots els punts de seguretat i el correcte funcionament dels elevadors de cotxes, compressors d&#8217;aire i alineadors, per a evitar i anticipar possibles avaries.<br><br>Acompanyem en totes les nostres revisions un certificat, en el qual es verifica l&#8217;estat actual de la m\u00e0quina. Aquest informe est\u00e0 homologat per als certificats ISO:9001, aix\u00ed com per als est\u00e0ndards dels fabricants de vehicles..<\/p>\n<\/div>\n<\/div>\n\n\n\n<div class=\"wp-block-cover alignfull is-light\" style=\"padding-top:30px;padding-right:0;padding-bottom:30px;padding-left:0;min-height:900px;aspect-ratio:unset;\"><span aria-hidden=\"true\" class=\"wp-block-cover__background has-white-background-color has-background-dim-100 has-background-dim\"><\/span><div class=\"wp-block-cover__inner-container is-layout-flow wp-block-cover-is-layout-flow\">\n<h3 class=\"has-text-align-center company-text-h3 has-text-color wp-block-heading\" style=\"color:#194b94;padding-top:0;padding-right:16px;padding-bottom:0;padding-left:16px;font-size:32px;font-style:normal;font-weight:400\">Tipus de Manteniments per a maquin\u00e0ria taller segons el producte<\/h3>\n\n\n\n<div class=\"wp-block-group alignwide is-layout-constrained wp-block-group-is-layout-constrained\">\n<div class=\"wp-block-essential-blocks-advanced-tabs alignwide service-icons\"><div class=\"eb-parent-wrapper eb-parent-eb-advanced-tabs-1qrk1p9 \"><div class=\"eb-advanced-tabs-1qrk1p9 eb-advanced-tabs-wrapper horizontal\"><div class=\"eb-tabs-nav\"><ul class=\"tabTitles\" data-tabs-ul-id=\"eb-advanced-tabs-1qrk1p9\"><li data-title-tab-id=\"1\" class=\"active\"><img decoding=\"async\" src=\"https:\/\/www.servomac.es\/wp-content\/uploads\/2023\/01\/Elevador-1.svg\" alt=\"\" title=\"\"><h6 class=\"tab-title-text\">Elevadors<\/h6><\/li><li data-title-tab-id=\"2\" class=\"inactive\"><img decoding=\"async\" src=\"https:\/\/www.servomac.es\/wp-content\/uploads\/2023\/01\/Compresor.svg\" alt=\"\" title=\"\"><h6 class=\"tab-title-text\">Compressors<\/h6><\/li><li data-title-tab-id=\"3\" class=\"inactive\"><img decoding=\"async\" src=\"https:\/\/www.servomac.es\/wp-content\/uploads\/2023\/01\/Alineador.svg\" alt=\"\" title=\"\"><h6 class=\"tab-title-text\">Alineadors<\/h6><\/li><li data-title-tab-id=\"4\" class=\"inactive\"><img decoding=\"async\" src=\"https:\/\/www.servomac.es\/wp-content\/uploads\/2023\/01\/DesmontadorEquilibrador.svg\" alt=\"\" title=\"\"><h6 class=\"tab-title-text\">Desmuntadores<br>Equilibradores<\/h6><\/li><li data-title-tab-id=\"5\" class=\"inactive\"><img decoding=\"async\" src=\"https:\/\/www.servomac.es\/wp-content\/uploads\/2023\/01\/Lubricador.svg\" alt=\"\" title=\"\"><h6 class=\"tab-title-text\">Lubricaci\u00f3<\/h6><\/li><\/ul><\/div><div class=\"eb-tabs-contents\">\n<div class=\"eb-tab-wrapper\" data-tab-id=\"1\" data-tab-parent-id=\"eb-advanced-tabs-1qrk1p9\"><div class=\"eb-tab-inner\">\n<figure class=\"wp-block-table table-one is-style-stripes\" style=\"font-size:16px\"><table><tbody><tr><td class=\"has-text-align-left\" data-align=\"left\">1- Revisem m\u00e9s de 36 punts de l&#8217;Elevador<\/td><\/tr><tr><td class=\"has-text-align-left\" data-align=\"left\">2- Greixatge general de l&#8217;Equip<\/td><\/tr><tr><td class=\"has-text-align-left\" data-align=\"left\">3- Certificat de Revisi\u00f3 per a l&#8217;ISO i Etiqueta de manteniment<\/td><\/tr><tr><td class=\"has-text-align-left\" data-align=\"left\">4- M\u00e0 d&#8217;Obra i Despla\u00e7aments inclosos<\/td><\/tr><tr><td class=\"has-text-align-left\" data-align=\"left\">5- Reparacions Preventives incloses<\/td><\/tr><tr><td class=\"has-text-align-left\" data-align=\"left\">6- Neteja de l&#8217;Equip<\/td><\/tr><tr><td class=\"has-text-align-left\" data-align=\"left\">7- Descomptes durant 1 any en Recanvi Original Mondolfo Ferro<\/td><\/tr><tr><td class=\"has-text-align-left\" data-align=\"left\">8- Descomptes durant 1 any en m\u00e0 d&#8217;obra i despla\u00e7aments<\/td><\/tr><\/tbody><\/table><\/figure>\n<\/div><\/div>\n\n\n\n<div class=\"eb-tab-wrapper\" data-tab-id=\"2\" data-tab-parent-id=\"eb-advanced-tabs-1qrk1p9\"><div class=\"eb-tab-inner\">\n<figure class=\"wp-block-table table-two is-style-stripes\" style=\"font-size:16px\"><table><tbody><tr><td class=\"has-text-align-left\" data-align=\"left\">1- Revisem compressors de Pist\u00f3 i de Caragol<\/td><\/tr><tr><td class=\"has-text-align-left\" data-align=\"left\">2- Analitzem m\u00e9s de 20 punts del compressor<\/td><\/tr><tr><td class=\"has-text-align-left\" data-align=\"left\">3- Gesti\u00f3 Certificats Oficials d&#8217;Ind\u00fastria<\/td><\/tr><tr><td class=\"has-text-align-left\" data-align=\"left\">4- M\u00e0 d&#8217;Obra i Despla\u00e7aments inclosos<\/td><\/tr><tr><td class=\"has-text-align-left\" data-align=\"left\">5- Substituci\u00f3 de filtres<\/td><\/tr><tr><td class=\"has-text-align-left\" data-align=\"left\">6- Canvis d&#8217;oli del compressor<\/td><\/tr><tr><td class=\"has-text-align-left\" data-align=\"left\">7- Verificaci\u00f3 elements de seguretat i protecci\u00f3<\/td><\/tr><tr><td class=\"has-text-align-left\" data-align=\"left\">8- Certificat de Revisi\u00f3 per a l&#8217;ISO i Etiqueta de manteniment<\/td><\/tr><\/tbody><\/table><\/figure>\n<\/div><\/div>\n\n\n\n<div class=\"eb-tab-wrapper\" data-tab-id=\"3\" data-tab-parent-id=\"eb-advanced-tabs-1qrk1p9\"><div class=\"eb-tab-inner\">\n<figure class=\"wp-block-table table-three is-style-stripes\"><table><tbody><tr><td class=\"has-text-align-left\" data-align=\"left\">1- Revisi\u00f3 Alineadors<\/td><\/tr><tr><td class=\"has-text-align-left\" data-align=\"left\">2- Verificaci\u00f3 correcte funcionament<\/td><\/tr><tr><td class=\"has-text-align-left\" data-align=\"left\">3- Verificar centre de plataformes amb centre de les cambres<\/td><\/tr><tr><td class=\"has-text-align-left\" data-align=\"left\">4- Comprovaci\u00f3 centrat d&#8217;arpes<\/td><\/tr><tr><td class=\"has-text-align-left\" data-align=\"left\">5- Comprovar l&#8217;estat de les ungles<\/td><\/tr><tr><td class=\"has-text-align-left\" data-align=\"left\">6- Calibratge de targetes<\/td><\/tr><tr><td class=\"has-text-align-left\" data-align=\"left\">7- Document acreditatiu de la Revisi\u00f3<\/td><\/tr><tr><td class=\"has-text-align-left\" data-align=\"left\">8- Certificat de Revisi\u00f3 per a l&#8217;ISO<\/td><\/tr><\/tbody><\/table><\/figure>\n<\/div><\/div>\n\n\n\n<div class=\"eb-tab-wrapper\" data-tab-id=\"4\" data-tab-parent-id=\"eb-advanced-tabs-1qrk1p9\"><div class=\"eb-tab-inner\">\n<figure class=\"wp-block-table table-four is-style-stripes\"><table><tbody><tr><td class=\"has-text-align-left\" data-align=\"left\">1- Revisi\u00f3 Desmuntadora i Equilibradora<\/td><\/tr><tr><td class=\"has-text-align-left\" data-align=\"left\">2- Comprovaci\u00f3 de m\u00e9s de 20 punts en tots dos equips<\/td><\/tr><tr><td class=\"has-text-align-left\" data-align=\"left\">3- Verificar correcte funcionament pedals Desmuntadora<\/td><\/tr><tr><td class=\"has-text-align-left\" data-align=\"left\">4- Comprovar correcte calibratge de l&#8217;equilibradora<\/td><\/tr><tr><td class=\"has-text-align-left\" data-align=\"left\">5- Verificar funcionament palpadores amb roda test<\/td><\/tr><tr><td class=\"has-text-align-left\" data-align=\"left\">6- Greixatge dels equips<\/td><\/tr><tr><td class=\"has-text-align-left\" data-align=\"left\">7- Document acreditatiu de la Revisi\u00f3<\/td><\/tr><tr><td class=\"has-text-align-left\" data-align=\"left\">8- Certificat de Revisi\u00f3 per a l&#8217;ISO<\/td><\/tr><\/tbody><\/table><\/figure>\n<\/div><\/div>\n\n\n\n<div class=\"eb-tab-wrapper\" data-tab-id=\"5\" data-tab-parent-id=\"eb-advanced-tabs-1qrk1p9\"><div class=\"eb-tab-inner\">\n<figure class=\"wp-block-table table-five is-style-stripes\"><table><tbody><tr><td class=\"has-text-align-left\" data-align=\"left\">1- Verificaci\u00f3 correcte funcionament d&#8217;equips de lubricaci\u00f3<\/td><\/tr><tr><td class=\"has-text-align-left\" data-align=\"left\">2- Comprovar que pistolines, r\u00e0cords i m\u00e0negues no tenen fugides<\/td><\/tr><tr><td class=\"has-text-align-left\" data-align=\"left\">3- Verificar que no hi ha aire en el circuit<\/td><\/tr><tr><td class=\"has-text-align-left\" data-align=\"left\">4- Verificar que no hi ha fuites entre bombes i m\u00e0negues<\/td><\/tr><tr><td class=\"has-text-align-left\" data-align=\"left\">5- Comprovaci\u00f3 estat de totes les v\u00e0lvules<\/td><\/tr><tr><td class=\"has-text-align-left\" data-align=\"left\">6- Verificar que la bomba \u00e9s la correcta per al fluid utilitzat<\/td><\/tr><tr><td class=\"has-text-align-left\" data-align=\"left\">7- Document acreditatiu de la Revisi\u00f3<\/td><\/tr><tr><td class=\"has-text-align-left\" data-align=\"left\">8- Certificat de Revisi\u00f3 per a l&#8217;ISO<\/td><\/tr><\/tbody><\/table><\/figure>\n<\/div><\/div>\n<\/div><\/div><\/div><\/div>\n<\/div>\n<\/div><\/div>\n\n\n\n<div class=\"wp-block-group alignfull is-layout-constrained wp-container-core-group-is-layout-90786814 wp-block-group-is-layout-constrained\" id=\"otros-servicios\" style=\"padding-top:90px;padding-right:0px;padding-bottom:90px;padding-left:0\">\n<h2 class=\"alignfull has-text-align-center has-text-color wp-block-heading\" style=\"color:#194b94;padding-right:16px;padding-left:16px;font-size:32px;font-style:normal;font-weight:400\">8- Certificat de Revisi\u00f3 per a l&#8217;ISO<\/h2>\n\n\n\n<div class=\"wp-block-group is-vertical is-content-justification-center is-layout-flex wp-container-core-group-is-layout-9c9ee932 wp-block-group-is-layout-flex\">\n<div class=\"wp-block-group is-nowrap is-layout-flex wp-container-core-group-is-layout-02443b7e wp-block-group-is-layout-flex\">\n<div class=\"wp-block-group service-card has-white-background-color has-background is-vertical is-content-justification-left is-layout-flex wp-container-core-group-is-layout-acb983f3 wp-block-group-is-layout-flex\" style=\"border-radius:24px;padding-top:60px;padding-right:45px;padding-bottom:60px;padding-left:45px\">\n<h3 class=\"has-text-align-left has-text-color wp-block-heading\" style=\"color:#1d58ad;font-size:24px\"><img decoding=\"async\" width=\"50\" height=\"50\" class=\"wp-image-415\" style=\"width: 50px;\" src=\"https:\/\/www.servomac.es\/wp-content\/uploads\/2023\/01\/service1.svg\" alt=\"\" title=\"\">Reparacions i<br>Assist\u00e8ncia t\u00e8cnica<\/h3>\n\n\n\n<hr class=\"wp-block-separator has-text-color has-alpha-channel-opacity has-background line-servicie\" style=\"background-color:#f6a62b;color:#f6a62b\"\/>\n\n\n\n<p class=\"home-card-text\" style=\"font-size:16px;font-style:normal;font-weight:400\">Som el servei T\u00e8cnic Oficial de Moondolfo Ferro en diverses comunitats com: Val\u00e8ncia, Castell\u00f3, Alacant, M\u00farcia, Conca i Terol. Per aix\u00f2 comptem amb professionals qualificats i en constant formaci\u00f3 t\u00e8cnica.<br><br>Des del Servei d&#8217;Assist\u00e8ncia T\u00e8cnica mitjan\u00e7ant una unitat altament qualificada, responem amb rapidesa a cada crida.<\/p>\n<\/div>\n\n\n\n<div class=\"wp-block-group service-card has-white-background-color has-background is-vertical is-content-justification-left is-layout-flex wp-container-core-group-is-layout-acb983f3 wp-block-group-is-layout-flex\" style=\"border-radius:24px;padding-top:60px;padding-right:45px;padding-bottom:60px;padding-left:45px\">\n<h3 class=\"has-text-align-left has-text-color wp-block-heading\" style=\"color:#1d58ad;font-size:24px\"><img decoding=\"async\" width=\"50\" height=\"50\" class=\"wp-image-416\" style=\"width: 50px;\" src=\"https:\/\/www.servomac.es\/wp-content\/uploads\/2023\/01\/service2.svg\" alt=\"\" title=\"\">Venda d&#8217;equipament i eina manual<\/h3>\n\n\n\n<hr class=\"wp-block-separator has-text-color has-alpha-channel-opacity has-background line-servicie\" style=\"background-color:#f6a62b;color:#f6a62b\"\/>\n\n\n\n<p class=\"home-card-text\" style=\"font-size:16px;font-style:normal;font-weight:400\">Posem a la teua disposici\u00f3 qualsevol equipament d&#8217;elevadors de cotxes, desmuntadora de pneum\u00e0tics, equilibradora de rodes, equip de lubricaci\u00f3, compressors, etc. que necessites per al taller.<br><br>Disposem en la nostra cartera de les millors marques a nivell d&#8217;eines per a satisfer qualsevol necessitat dels nostres clients: King-Tony, Bahco, JBM, etc\u2026<\/p>\n<\/div>\n<\/div>\n\n\n\n<div class=\"wp-block-group is-nowrap is-layout-flex wp-container-core-group-is-layout-02443b7e wp-block-group-is-layout-flex\">\n<div class=\"wp-block-group service-card has-white-background-color has-background is-vertical is-content-justification-left is-layout-flex wp-container-core-group-is-layout-acb983f3 wp-block-group-is-layout-flex\" style=\"border-radius:24px;padding-top:60px;padding-right:45px;padding-bottom:60px;padding-left:45px\">\n<h3 class=\"has-text-align-left has-text-color wp-block-heading\" style=\"color:#1d58ad;font-size:24px\"><img decoding=\"async\" width=\"50\" height=\"50\" class=\"wp-image-417\" style=\"width: 50px;\" src=\"https:\/\/www.servomac.es\/wp-content\/uploads\/2023\/01\/service3.svg\" alt=\"\" title=\"\">Instal\u00b7lacions i trasllat de maquin\u00e0ria<\/h3>\n\n\n\n<hr class=\"wp-block-separator has-text-color has-alpha-channel-opacity has-background line-servicie\" style=\"background-color:#f6a62b;color:#f6a62b\"\/>\n\n\n\n<p class=\"home-card-text\" style=\"font-size:16px;font-style:normal;font-weight:400\">A m\u00e9s de subministrar-te qualsevol equip per al taller (Elevadors de cotxes, desmuntadores de pneum\u00e0tics, equilibradores de rodes, equips de lubricaci\u00f3, compressors d&#8217;aire, equips de lubricaci\u00f3&#8230;<\/p>\n<\/div>\n\n\n\n<div class=\"wp-block-group service-card has-white-background-color has-background is-vertical is-content-justification-left is-layout-flex wp-container-core-group-is-layout-acb983f3 wp-block-group-is-layout-flex\" style=\"border-radius:24px;padding-top:60px;padding-right:45px;padding-bottom:60px;padding-left:45px\">\n<h3 class=\"has-text-align-left has-text-color wp-block-heading\" style=\"color:#1d58ad;font-size:24px\"><img decoding=\"async\" width=\"50\" height=\"50\" class=\"wp-image-418\" style=\"width: 50px;\" src=\"https:\/\/www.servomac.es\/wp-content\/uploads\/2023\/01\/service4.svg\" alt=\"\" title=\"\">Muntatge i instal\u00b7lacions des de pla<\/h3>\n\n\n\n<hr class=\"wp-block-separator has-text-color has-alpha-channel-opacity has-background line-servicie\" style=\"background-color:#f6a62b;color:#f6a62b\"\/>\n\n\n\n<p class=\"home-card-text\" style=\"font-size:16px;font-style:normal;font-weight:400\">A part del muntatge de la maquin\u00e0ria tamb\u00e9 treballem la seq\u00fc\u00e8ncia de muntatge establida a partir de plans segons projecte d&#8217;instal\u00b7laci\u00f3. Els t\u00e8cnics treballen en funci\u00f3 de les indicacions marcades per l&#8217;enginyer o responsable del centre.<\/p>\n<\/div>\n<\/div>\n\n\n\n<div class=\"wp-block-group is-nowrap is-layout-flex wp-container-core-group-is-layout-02443b7e wp-block-group-is-layout-flex\">\n<div class=\"wp-block-group service-card has-white-background-color has-background is-vertical is-content-justification-left is-layout-flex wp-container-core-group-is-layout-acb983f3 wp-block-group-is-layout-flex\" style=\"border-radius:24px;padding-top:60px;padding-right:45px;padding-bottom:60px;padding-left:45px\">\n<h3 class=\"has-text-align-left has-text-color wp-block-heading\" style=\"color:#1d58ad;font-size:24px\"><img decoding=\"async\" width=\"50\" height=\"50\" class=\"wp-image-419\" style=\"width: 50px;\" src=\"https:\/\/www.servomac.es\/wp-content\/uploads\/2023\/01\/service5.svg\" alt=\"\" title=\"\">Recanvis Originals<\/h3>\n\n\n\n<hr class=\"wp-block-separator has-text-color has-alpha-channel-opacity has-background line-servicie\" style=\"background-color:#f6a62b;color:#f6a62b\"\/>\n\n\n\n<p class=\"home-card-text\" style=\"font-size:16px;font-style:normal;font-weight:400\">Disposem de recanvis per a tots els elevadors de fabricaci\u00f3 europea i de totes les refer\u00e8ncies de recanvis originals de Mondolfo Ferro.<\/p>\n<\/div>\n\n\n\n<div class=\"wp-block-group service-card has-white-background-color has-background is-vertical is-content-justification-left is-layout-flex wp-container-core-group-is-layout-acb983f3 wp-block-group-is-layout-flex\" style=\"border-radius:24px;padding-top:60px;padding-right:45px;padding-bottom:60px;padding-left:45px\">\n<h3 class=\"has-text-align-left has-text-color wp-block-heading\" style=\"color:#1d58ad;font-size:24px\"><img decoding=\"async\" width=\"50\" height=\"50\" class=\"wp-image-420\" style=\"width: 50px;\" src=\"https:\/\/www.servomac.es\/wp-content\/uploads\/2023\/01\/service6.svg\" alt=\"\" title=\"\">Finan\u00e7ament (Personalitzada)<\/h3>\n\n\n\n<hr class=\"wp-block-separator has-text-color has-alpha-channel-opacity has-background line-servicie\" style=\"background-color:#f6a62b;color:#f6a62b\"\/>\n\n\n\n<p class=\"home-card-text\" style=\"font-size:16px;font-style:normal;font-weight:400\">Oferim la possibilitat d&#8217;estudi personalitzat de finan\u00e7ament a trav\u00e9s del sistema de r\u00e8nting amb quota residual per a la propietat dels equipaments.<\/p>\n<\/div>\n<\/div>\n\n\n\n<div class=\"wp-block-group is-nowrap is-layout-flex wp-container-core-group-is-layout-02443b7e wp-block-group-is-layout-flex\">\n<div class=\"wp-block-group service-card has-white-background-color has-background is-vertical is-content-justification-left is-layout-flex wp-container-core-group-is-layout-acb983f3 wp-block-group-is-layout-flex\" style=\"border-radius:24px;padding-top:60px;padding-right:45px;padding-bottom:60px;padding-left:45px\">\n<h3 class=\"has-text-align-left has-text-color wp-block-heading\" style=\"color:#1d58ad;font-size:24px\"><img decoding=\"async\" width=\"50\" height=\"50\" class=\"wp-image-421\" style=\"width: 50px;\" src=\"https:\/\/www.servomac.es\/wp-content\/uploads\/2023\/01\/service7.svg\" alt=\"\" title=\"\">Calibratge d&#8217;equips<\/h3>\n\n\n\n<hr class=\"wp-block-separator has-text-color has-alpha-channel-opacity has-background line-servicie\" style=\"background-color:#f6a62b;color:#f6a62b\"\/>\n\n\n\n<p class=\"home-card-text\" style=\"font-size:16px;font-style:normal;font-weight:400\">Servei de calibratge d&#8217;equips que pel seu complex funcionament s&#8217;ha de realitzar anualment per especialistes (fren\u00f2metre, alineador de rodes, etc\u2026), nosaltres ens encarreguem del calibratge i tramitaci\u00f3 de la documentaci\u00f3.<\/p>\n<\/div>\n\n\n\n<div class=\"wp-block-group service-card has-white-background-color has-background is-vertical is-content-justification-left is-layout-flex wp-container-core-group-is-layout-acb983f3 wp-block-group-is-layout-flex\" style=\"border-radius:24px;padding-top:60px;padding-right:45px;padding-bottom:60px;padding-left:45px\">\n<h3 class=\"has-text-align-left has-text-color wp-block-heading\" style=\"color:#1d58ad;font-size:24px\"><img decoding=\"async\" width=\"50\" height=\"50\" class=\"wp-image-422\" style=\"width: 50px;\" src=\"https:\/\/www.servomac.es\/wp-content\/uploads\/2023\/01\/service8.svg\" alt=\"\" title=\"\">Legalitzaci\u00f3 i homologaci\u00f3 de maquin\u00e0ria<\/h3>\n\n\n\n<hr class=\"wp-block-separator has-text-color has-alpha-channel-opacity has-background line-servicie\" style=\"background-color:#f6a62b;color:#f6a62b\"\/>\n\n\n\n<p class=\"home-card-text\" style=\"font-size:16px;font-style:normal;font-weight:400\">Adequaci\u00f3 dels equips e a la Normativa Europea. L&#8217;informe dels nostres programes de revisi\u00f3 est\u00e0 homologat per als certificats ISO:9001, aix\u00ed com per als est\u00e0ndards dels fabricants de vehicles.<\/p>\n<\/div>\n<\/div>\n<\/div>\n<\/div>\n","protected":false},"excerpt":{"rendered":"<p>Revisions i Manteniment maquin\u00e0ria taller En Servomac posem a la teua disposici\u00f3 totes les operacions de revisi\u00f3 i manteniment, tant preventiu com correctiu, per al compliment de les disposicions m\u00ednimes de seguretat i salut de la normativa RD 1215\/97 i la nova normativa obligat\u00f2ria EN 1493-2011 referent als elevadors de cotxes i a l&#8217;\u00fas de [&hellip;]<\/p>\n","protected":false},"author":1,"featured_media":0,"parent":0,"menu_order":0,"comment_status":"closed","ping_status":"closed","template":"","meta":{"_eb_attr":"","inline_featured_image":false,"footnotes":""},"class_list":["post-2012","page","type-page","status-publish","hentry"],"_links":{"self":[{"href":"https:\/\/www.servomac.es\/ca\/wp-json\/wp\/v2\/pages\/2012","targetHints":{"allow":["GET"]}}],"collection":[{"href":"https:\/\/www.servomac.es\/ca\/wp-json\/wp\/v2\/pages"}],"about":[{"href":"https:\/\/www.servomac.es\/ca\/wp-json\/wp\/v2\/types\/page"}],"author":[{"embeddable":true,"href":"https:\/\/www.servomac.es\/ca\/wp-json\/wp\/v2\/users\/1"}],"replies":[{"embeddable":true,"href":"https:\/\/www.servomac.es\/ca\/wp-json\/wp\/v2\/comments?post=2012"}],"version-history":[{"count":4,"href":"https:\/\/www.servomac.es\/ca\/wp-json\/wp\/v2\/pages\/2012\/revisions"}],"predecessor-version":[{"id":2101,"href":"https:\/\/www.servomac.es\/ca\/wp-json\/wp\/v2\/pages\/2012\/revisions\/2101"}],"wp:attachment":[{"href":"https:\/\/www.servomac.es\/ca\/wp-json\/wp\/v2\/media?parent=2012"}],"curies":[{"name":"wp","href":"https:\/\/api.w.org\/{rel}","templated":true}]}}