{"id":2052,"date":"2023-03-08T17:19:11","date_gmt":"2023-03-08T16:19:11","guid":{"rendered":"https:\/\/www.servomac.es\/politica-de-cookies\/"},"modified":"2023-03-13T14:13:44","modified_gmt":"2023-03-13T13:13:44","slug":"politica-de-cookies","status":"publish","type":"page","link":"https:\/\/www.servomac.es\/ca\/politica-de-cookies\/","title":{"rendered":"Pol\u00edtica de cookies"},"content":{"rendered":"\n<div class=\"wp-block-group normalp is-layout-constrained wp-block-group-is-layout-constrained\">\n<div style=\"height:100px\" aria-hidden=\"true\" class=\"wp-block-spacer\"><\/div>\n\n\n\n<h1 class=\"wp-block-heading\">Pol\u00edtica de cookies<\/h1>\n\n\n\n<p>En aquesta web s&#8217;utilitzen cookies de tercers i pr\u00f2pies per a aconseguir que tingues una millor experi\u00e8ncia de navegaci\u00f3, pugues compartir contingut en xarxes socials i perqu\u00e8 puguem obtindre estad\u00edstiques dels usuaris.<br\/><br\/>Pots evitar la desc\u00e0rrega de cookies a trav\u00e9s de la configuraci\u00f3 del teu navegador, evitant que les cookies s&#8217;emmagatzemen en el seu dispositiu.<br\/><br\/>Com a propietari d&#8217;aquest lloc web, et comunique que no utilitzem cap informaci\u00f3 personal procedent de cookies, tan sols realitzem estad\u00edstiques generals de visites que no suposen cap informaci\u00f3 personal.<br\/><br\/>\u00c9s molt important que lliges la present pol\u00edtica de cookies i comprengues que, si continues navegant, considerarem que acceptes el seu \u00fas.<br\/><br\/>Segons els termes inclosos en l&#8217;article 22.2 de la Llei 34\/2002 de Serveis de la Societat de la Informaci\u00f3 i Comer\u00e7 Electr\u00f2nic, si continues navegant, estar\u00e0s prestant el teu consentiment per a l&#8217;\u00fas dels referits mecanismes.<\/p>\n\n\n\n<h3 class=\"wp-block-heading\">Entitat Responsable<\/h3>\n\n\n\n<p>L&#8217;entitat responsable de la recollida, processament i utilitzaci\u00f3 de les teues dades personals, en el sentit establit per la Llei de Protecci\u00f3 de Dades Personals \u00e9s la p\u00e0gina Servomac, propietat de SERVOMAC EQUIPS SL \u2013 Av. Drets Humans N\u00ba3 \u2014 46600 Alzira (Valencia).<\/p>\n\n\n\n<h3 class=\"wp-block-heading\">Qu\u00e8 s\u00f3n les cookies?<\/h3>\n\n\n\n<p>Les cookies s\u00f3n un conjunt de dades que un servidor deposita en el navegador de l&#8217;usuari per a recollir la informaci\u00f3 de registre est\u00e0ndard d&#8217;Internet i la informaci\u00f3 del comportament dels visitants en un lloc web. \u00c9s a dir, es tracta de xicotets arxius de text que queden emmagatzemats en el disc dur de l&#8217;ordinador i que serveixen per a identificar a l&#8217;usuari quan es connecta novament al lloc web. El seu objectiu \u00e9s registrar la visita de l&#8217;usuari i guardar una certa informaci\u00f3. El seu \u00fas \u00e9s com\u00fa i freq\u00fcent en la web ja que permet a les p\u00e0gines funcionar de manera m\u00e9s eficient i aconseguir una major personalitzaci\u00f3 i an\u00e0lisi sobre el comportament de l&#8217;usuari.<\/p>\n\n\n\n<h3 class=\"wp-block-heading\">Quins tipus de cookies existeixen?<\/h3>\n\n\n\n<p>Les cookies utilitzades en el nostre lloc web, s\u00f3n de sessi\u00f3 i de tercers, i ens permeten emmagatzemar i accedir a informaci\u00f3 relativa a l&#8217;idioma, el tipus de navegador utilitzat, i altres caracter\u00edstiques generals predefinides per l&#8217;usuari, aix\u00ed com, seguir i analitzar l&#8217;activitat que duu a terme, a fi d&#8217;introduir millores i prestar els nostres serveis d&#8217;una manera m\u00e9s eficient i personalitzada.<br\/><\/p>\n\n\n\n<p>Les cookies, en funci\u00f3 de la seua perman\u00e8ncia, poden dividir-se en cookies de sessi\u00f3 o permanents. Les que expiren quan l&#8217;usuari tanca el navegador. Les que expiren en funci\u00f3 de quan es complisca l&#8217;objectiu per al qual serveixen (per exemple, perqu\u00e8 l&#8217;usuari es mantinga identificat en els serveis de SERVOMAC EQUIPS SL) o b\u00e9 quan s&#8217;esborren manualment.<\/p>\n\n\n\n<figure class=\"wp-block-table\"><table><tbody><tr><td>Nom<\/td><td>Tipus<\/td><td>Caducitat<\/td><td>Finalitat<\/td><td>Classe<\/td><\/tr><tr><td>__utma<\/td><td>De Tercers (Google Analytics)<\/td><td>2 anys<\/td><td>S&#8217;usa per a distingir usuaris i sessions.<\/td><td>No Exempta<\/td><\/tr><tr><td>__utmb<\/td><td>De Tercers (Google Analytics)<\/td><td>30 minuts<\/td><td>S&#8217;usa per a determinar noves sessions o visites<\/td><td>No Exempta<\/td><\/tr><tr><td>__utmc<\/td><td>De Tercers (Google Analytics)<\/td><td>En finalitzar la sessi\u00f3<\/td><td>Es configura per al seu \u00fas amb Urchin<\/td><td>No Exempta<\/td><\/tr><tr><td>__utmz<\/td><td>De Tercers (Google Analytics)<\/td><td>6 mesos<\/td><td>Emmagatzema l&#8217;origen o la campanya que explica com l&#8217;usuari ha arribat fins a la p\u00e0gina web<\/td><td>No Exempta<\/td><\/tr><\/tbody><\/table><\/figure>\n\n\n<p>Addicionalment, en funci\u00f3 del seu objectiu, les cookies poden classificar-se de la seg\u00fcent forma:<\/p>\n\n\n\n<div class=\"cky-audit-table-element\"><\/div>\n\n\n\n<h3 class=\"wp-block-heading\">Cookies de rendiment<\/h3>\n\n\n\n<p>Aquest tipus de Cookie recorda les seues prefer\u00e8ncies per a les eines que es troben en els serveis, per la qual cosa no ha de tornar a configurar el servei cada vegada que vost\u00e9 visita. A tall d&#8217;exemple, en aquesta tipologia s&#8217;inclouen: Ajustos de volum de reproductors de v\u00eddeo o so. Les velocitats de transmissi\u00f3 de v\u00eddeo que siguen compatibles amb el seu navegador. Els objectes guardats en el \u201ccarret de la compra\u201d en els serveis de e-*commerce com ara botigues.<\/p>\n\n\n\n<h3 class=\"wp-block-heading\">Cookies de geo-localitzaci\u00f3<\/h3>\n\n\n\n<p>Aquestes cookies s\u00f3n utilitzades per a esbrinar en quin pa\u00eds es troba quan se sol\u00b7licita un servei. Aquesta cookie \u00e9s totalment an\u00f2nima, i nom\u00e9s s&#8217;utilitza per a ajudar a orientar el contingut a la seua ubicaci\u00f3.<\/p>\n\n\n\n<h3 class=\"wp-block-heading\">Cookies de registre<\/h3>\n\n\n\n<p>Les cookies de registre es generen una vegada que l&#8217;usuari s&#8217;ha registrat o posteriorment ha obert la seua sessi\u00f3, i s&#8217;utilitzen per a identificar-li en els serveis amb els seg\u00fcents objectius:<\/p>\n\n\n\n<p>Mantindre a l&#8217;usuari identificat de manera que, si tanca un servei, el navegador o l&#8217;ordinador i en un altre moment o un altre dia torna a entrar en aquest servei, seguir\u00e0 identificat, facilitant aix\u00ed la seua navegaci\u00f3 sense haver de tornar a identificar-se. Aquesta funcionalitat es pot suprimir si l&#8217;usuari prem la funcionalitat  [cerrar sesi\u00f3n], de manera que aquesta *cookie s&#8217;elimina i la pr\u00f2xima vegada que entre en el servei l&#8217;usuari haur\u00e0 d&#8217;iniciar sessi\u00f3 per a estar identificat.<\/p>\n\n\n\n<p>Comprovar si l&#8217;usuari est\u00e0 autoritzat per a accedir a uns certs serveis, per exemple, per a participar en un concurs.<\/p>\n\n\n\n<p>Addicionalment, alguns serveis poden utilitzar connectors amb xarxes socials com ara Facebook o Twitter. Quan l&#8217;usuari es registra en un servei amb credencials d&#8217;una xarxa social, autoritza la xarxa social a guardar una Cookie persistent que recorda la seua identitat i li garanteix acc\u00e9s als serveis fins que expira. L&#8217;usuari pot esborrar aquesta Cookie i revocar l&#8217;acc\u00e9s als serveis mitjan\u00e7ant xarxes socials actualitzant les seues prefer\u00e8ncies en la xarxa social que espec\u00edfica.<\/p>\n\n\n\n<h3 class=\"wp-block-heading\">Cookies d&#8217;anal\u00edtiques<\/h3>\n\n\n\n<p>Cada vegada que un usuari visita un servei, una eina d&#8217;un prove\u00efdor extern genera una cookie anal\u00edtica en l&#8217;ordinador de l&#8217;usuari. Aquesta cookie que nom\u00e9s es genera en la visita, servir\u00e0 en pr\u00f2ximes visites als serveis de SERVOMAC EQUIPS SL per a identificar de manera an\u00f2nima al visitant. Els objectius principals que es persegueixen s\u00f3n:<\/p>\n\n\n\n<p>Permetre la identificaci\u00f3 an\u00f2nima dels usuaris navegants a trav\u00e9s de la cookie (identifica navegadors i dispositius, no persones) i per tant la comptabilitzaci\u00f3 aproximada del nombre de visitants i la seua tend\u00e8ncia en el temps.<br\/>Identificar de manera an\u00f2nima els continguts m\u00e9s visitats i per tant m\u00e9s atractius per als usuaris Saber si l&#8217;usuari que est\u00e0 accedint \u00e9s nou o repeteix visita.<\/p>\n\n\n\n<p>Important: Llevat que l&#8217;usuari decidisca registrar-se en un servei de SERVOMAC EQUIPS SL, la cookie mai anir\u00e0 associada a cap dada de car\u00e0cter personal que puga identificar-li. Aquestes cookies nom\u00e9s seran utilitzades amb prop\u00f2sits estad\u00edstics que ajuden a l&#8217;optimitzaci\u00f3 de l&#8217;experi\u00e8ncia dels usuaris en el lloc.<\/p>\n\n\n\n<h3 class=\"wp-block-heading\">Cookies de publicitat<\/h3>\n\n\n\n<p>Aquest tipus de cookies permeten ampliar la informaci\u00f3 dels anuncis mostrats a cada usuari an\u00f2nim en els serveis de SERVOMAC EQUIPS SL. Entre altres, s&#8217;emmagatzema la duraci\u00f3 o freq\u00fc\u00e8ncia de visualitzaci\u00f3 de posicions publicit\u00e0ries, la interacci\u00f3 amb aquestes, o els patrons de navegaci\u00f3 i\/o comportaments de l&#8217;usuari ja que ajuden a conformar un perfil d&#8217;inter\u00e9s publicitari. D&#8217;aquesta manera, permeten oferir publicitat af\u00ed als interessos de l&#8217;usuari.<\/p>\n\n\n\n<h3 class=\"wp-block-heading\">Cookies publicit\u00e0ries de tercers<\/h3>\n\n\n\n<p>A m\u00e9s de la publicitat gestionada per les webs de SERVOMAC EQUIPS SL en els seus serveis, les webs de SERVOMAC EQUIPS SL ofereixen als seus anunciants l&#8217;opci\u00f3 de servir anuncis a trav\u00e9s de tercers (\u201cAd-Servers\u201d). D&#8217;aquesta manera, aquests tercers poden emmagatzemar cookies enviades des dels serveis de SERVOMAC EQUIPS SL procedents dels navegadors dels usuaris, aix\u00ed com accedir a les dades que en elles es guarden.<\/p>\n\n\n\n<p>Les empreses que generen aquestes cookies tenen les seues pr\u00f2pies pol\u00edtiques de privacitat. En l&#8217;actualitat, les webs de SERVOMAC EQUIPS SL utilitzen la plataforma Doubleclick (Google) per a gestionar aquests serveis. Per a m\u00e9s informaci\u00f3, acudisca<\/p>\n\n\n\n<p><a href=\"http:\/\/www.google.es\/policies\/privacy\/ads\/#toc-doubleclick\" rel=\"nofollow noopener\" target=\"_blank\">http:\/\/www.google.es\/policies\/privacy\/ads\/#toc-doubleclick<\/a> y a <a href=\"http:\/\/www.google.es\/policies\/privacy\/ads\/\" rel=\"nofollow noopener\" target=\"_blank\">http:\/\/www.google.es\/policies\/privacy\/ads\/<\/a>.<\/p>\n\n\n\n<h3 class=\"wp-block-heading\">Com puc deshabilitar les cookies en el meu navegador?<\/h3>\n\n\n\n<p>Es poden configurar els diferents navegadors per a avisar a l&#8217;usuari de la recepci\u00f3 de cookies i, si es desitja, impedir la seua instal\u00b7laci\u00f3 en l&#8217;equip. Aix\u00ed mateix, l&#8217;usuari pot revisar en el seu navegador quines cookies t\u00e9 instal\u00b7lades i quin \u00e9s el termini de caducitat d&#8217;aquestes, podent eliminar-les.<\/p>\n\n\n\n<p>Per a ampliar aquesta informaci\u00f3 consulte les instruccions i manuals del seu navegador:<\/p>\n\n\n\n<p>Per a m\u00e9s informaci\u00f3 sobre l&#8217;administraci\u00f3 de les cookies en Google Chrome: <a href=\"https:\/\/support.google.com\/chrome\/answer\/95647?hl=es\" rel=\"nofollow noopener\" target=\"_blank\">https:\/\/support.google.com\/chrome\/answer\/95647?hl=es<\/a><\/p>\n\n\n\n<p>Per a m\u00e9s informaci\u00f3 sobre l&#8217;administraci\u00f3 de les cookies en Internet Explorer: <a href=\"http:\/\/windows.microsoft.com\/es-es\/windows-vista\/cookies-frequently-asked-question\" rel=\"nofollow noopener\" target=\"_blank\"><\/a><a href=\"http:\/\/windows.microsoft.com\/es-es\/windows-vista\/cookies-frequently-asked-questions\" rel=\"nofollow noopener\" target=\"_blank\">http:\/\/windows.microsoft.com\/es-es\/windows-vista\/cookies-frequently-asked-questions<\/a><\/p>\n\n\n\n<p><a href=\"http:\/\/windows.microsoft.com\/es-es\/windows-vista\/cookies-frequently-asked-question\" rel=\"nofollow noopener\" target=\"_blank\"><\/a>Per a m\u00e9s informaci\u00f3 sobre l&#8217;administraci\u00f3 de les cookies en Mozilla Firefox: <a href=\"http:\/\/support.mozilla.org\/es\/kb\/habilitar-y-deshabilitar-cookies-que-los-sitios-we%20\" rel=\"nofollow noopener\" target=\"_blank\">http:\/\/support.mozilla.org\/es\/kb\/habilitar-y-deshabilitar-cookies-que-los-sitios-we<\/a><\/p>\n\n\n\n<p>Per a m\u00e9s informaci\u00f3 sobre l&#8217;administraci\u00f3 de les cookies en Safari: <a href=\"http:\/\/www.apple.com\/es\/privacy\/use-of-cookies\/%20\" rel=\"nofollow noopener\" target=\"_blank\">http:\/\/www.apple.com\/es\/privacy\/use-of-cookies\/<\/a><\/p>\n\n\n\n<p>Para m\u00e1s informaci\u00f3n sobre la administraci\u00f3n de las cookies en Opera: <a href=\"http:\/\/help.opera.com\/Windows\/11.50\/es-ES\/cookies.html\" rel=\"nofollow noopener\" target=\"_blank\">http:\/\/help.opera.com\/Windows\/11.50\/es-ES\/cookies.html<\/a><\/p>\n\n\n\n<p>Si desitja deixar de ser seguit per Google Analytics visite: <a href=\"http:\/\/tools.google.com\/dlpage\/gaoptout\" rel=\"nofollow noopener\" target=\"_blank\">http:\/\/tools.google.com\/dlpage\/gaoptout<\/a><\/p>\n\n\n\n<h3 class=\"wp-block-heading\">Per a saber m\u00e9s sobre les cookies<\/h3>\n\n\n\n<p>Pot obtindre m\u00e9s informaci\u00f3 sobre la publicitat en l\u00ednia basada en el comportament i la privacitat en l\u00ednia en el seg\u00fcent enlla\u00e7: <a href=\"http:\/\/www.youronlinechoices.com\/es\/\" rel=\"nofollow noopener\" target=\"_blank\">http:\/\/www.youronlinechoices.com\/es\/<\/a><\/p>\n\n\n\n<p>Protecci\u00f3 de dades de Google Analytics: <a href=\"http:\/\/www.google.com\/analytics\/learn\/privacy.html\" rel=\"nofollow noopener\" target=\"_blank\">http:\/\/www.google.com\/analytics\/learn\/privacy.html<\/a><\/p>\n\n\n\n<p>Com usa Google Analytics les cookies: <a href=\"https:\/\/developers.google.com\/analytics\/devguides\/collection\/analyticsjs\/cookie-usage?hl=es#analyticsjs\" rel=\"nofollow noopener\" target=\"_blank\">https:\/\/developers.google.com\/analytics\/devguides\/collection\/analyticsjs\/cookie-usage?hl=es#analyticsjs<\/a><\/p>\n\n\n\n<h3 class=\"wp-block-heading\">Actualitzacions i canvis en la pol\u00edtica de privacitat\/cookies<\/h3>\n\n\n\n<p>Les webs de SERVOMAC EQUIPS SL poden modificar aquesta Pol\u00edtica de Cookies en funci\u00f3 d&#8217;exig\u00e8ncies legislatives, reglament\u00e0ries, o amb la finalitat d&#8217;adaptar aquesta pol\u00edtica a les instruccions dictades per l&#8217;Ag\u00e8ncia Espanyola de Protecci\u00f3 de Dades, per aix\u00f2 s&#8217;aconsella als usuaris que la visiten peri\u00f2dicament.<\/p>\n\n\n\n<p>Quan es produ\u00efsquen canvis significatius en aquesta Pol\u00edtica de Cookies, aquests es comunicaran als usuaris b\u00e9 mitjan\u00e7ant la web o a trav\u00e9s de correu electr\u00f2nic als usuaris registrats.<\/p>\n\n\n\n<div style=\"height:100px\" aria-hidden=\"true\" class=\"wp-block-spacer\"><\/div>\n<\/div>\n","protected":false},"excerpt":{"rendered":"<p>Pol\u00edtica de cookies En aquesta web s&#8217;utilitzen cookies de tercers i pr\u00f2pies per a aconseguir que tingues una millor experi\u00e8ncia de navegaci\u00f3, pugues compartir contingut en xarxes socials i perqu\u00e8 puguem obtindre estad\u00edstiques dels usuaris. Pots evitar la desc\u00e0rrega de cookies a trav\u00e9s de la configuraci\u00f3 del teu navegador, evitant que les cookies s&#8217;emmagatzemen en [&hellip;]<\/p>\n","protected":false},"author":4,"featured_media":0,"parent":0,"menu_order":0,"comment_status":"closed","ping_status":"closed","template":"","meta":{"_eb_attr":"","inline_featured_image":false,"footnotes":""},"class_list":["post-2052","page","type-page","status-publish","hentry"],"_links":{"self":[{"href":"https:\/\/www.servomac.es\/ca\/wp-json\/wp\/v2\/pages\/2052","targetHints":{"allow":["GET"]}}],"collection":[{"href":"https:\/\/www.servomac.es\/ca\/wp-json\/wp\/v2\/pages"}],"about":[{"href":"https:\/\/www.servomac.es\/ca\/wp-json\/wp\/v2\/types\/page"}],"author":[{"embeddable":true,"href":"https:\/\/www.servomac.es\/ca\/wp-json\/wp\/v2\/users\/4"}],"replies":[{"embeddable":true,"href":"https:\/\/www.servomac.es\/ca\/wp-json\/wp\/v2\/comments?post=2052"}],"version-history":[{"count":3,"href":"https:\/\/www.servomac.es\/ca\/wp-json\/wp\/v2\/pages\/2052\/revisions"}],"predecessor-version":[{"id":2055,"href":"https:\/\/www.servomac.es\/ca\/wp-json\/wp\/v2\/pages\/2052\/revisions\/2055"}],"wp:attachment":[{"href":"https:\/\/www.servomac.es\/ca\/wp-json\/wp\/v2\/media?parent=2052"}],"curies":[{"name":"wp","href":"https:\/\/api.w.org\/{rel}","templated":true}]}}