{"id":2062,"date":"2022-12-27T07:52:36","date_gmt":"2022-12-27T06:52:36","guid":{"rendered":"https:\/\/www.servomac.es\/politica-de-privacitat\/"},"modified":"2023-03-13T15:02:28","modified_gmt":"2023-03-13T14:02:28","slug":"politica-de-privacitat","status":"publish","type":"page","link":"https:\/\/www.servomac.es\/ca\/politica-de-privacitat\/","title":{"rendered":"Pol\u00edtica de privacitat"},"content":{"rendered":"\n<div class=\"wp-block-group normalp is-layout-constrained wp-block-group-is-layout-constrained\">\n<div style=\"height:100px\" aria-hidden=\"true\" class=\"wp-block-spacer\"><\/div>\n\n\n\n<h1 class=\"wp-block-heading\">Pol\u00edtica de privacitat<\/h1>\n\n\n\n<h2 class=\"wp-block-heading\">POL\u00cdTICA DE PRIVACITAT DEL LLOC WEB<\/h2>\n\n\n\n<h4 class=\"wp-block-heading\">https:\/\/www.servomac.es<\/h4>\n\n\n\n<h3 class=\"wp-block-heading\">I. POL\u00cdTICA DE PRIVACITAT I PROTECCI\u00d3 DE DADES<\/h3>\n\n\n\n<p>Respectant el que s&#8217;estableix en la legislaci\u00f3 vigent, Servomac (d&#8217;ara en avant, tamb\u00e9 Lloc web) es compromet a adoptar les mesures t\u00e8cniques i organitzatives necess\u00e0ries, segons el nivell de seguretat adequat al risc de les dades recollides.<\/p>\n\n\n\n<h4 class=\"wp-block-heading\">Lleis que incorpora aquesta pol\u00edtica de privacitat<\/h4>\n\n\n\n<p>Aquesta pol\u00edtica de privacitat est\u00e0 adaptada a la normativa espanyola i europea vigent en mat\u00e8ria de protecci\u00f3 de dades personals en internet. En concret, la mateixa respecta les seg\u00fcents normes:<\/p>\n\n\n\n<ul class=\"wp-block-list\">\n<li>El Reglament (UE) 2016\/679 del Parlament Europeu i del Consell, de 27 d&#8217;abril de 2016, relatiu a la protecci\u00f3 de les persones f\u00edsiques pel que fa al tractament de dades personals i a la lliure circulaci\u00f3 d&#8217;aquestes dades (RGPD).<\/li>\n\n\n\n<li>La Llei org\u00e0nica 3\/2018, de 5 de desembre, de Protecci\u00f3 de Dades Personals i garantia dels drets digitals (LOPD-GDD).<\/li>\n\n\n\n<li>El Reial decret 1720\/2007, de 21 de desembre, pel qual s&#8217;aprova el Reglament de desenvolupament de la Llei org\u00e0nica 15\/1999, de 13 de desembre, de Protecci\u00f3 de Dades de Car\u00e0cter Personal (RDLOPD).<\/li>\n\n\n\n<li>La Llei 34\/2002, d&#8217;11 de juliol, de Serveis de la Societat de la Informaci\u00f3 i de Comer\u00e7 Electr\u00f2nic (LSSI-CE).<\/li>\n<\/ul>\n\n\n\n<h4 class=\"wp-block-heading\">Identitat del responsable del tractament de les dades personals<\/h4>\n\n\n\n<p>El responsable del tractament de les dades personals recollits en Servomac \u00e9s: SERVOMAC EQUIPS SL, prove\u00efda de NIF: B-98466766 i inscrit en: Registre Mercant\u00edl de Val\u00e8ncia amb les seg\u00fcents dades registrals: Tom 9510, Llibre 6792, Foli 45, Secci\u00f3 8, Fulla V 149873, I\/A 2, el representant de la qual \u00e9s: Servomac (d&#8217;ara en avant, Responsable del tractament). Les seues dades de contacte s\u00f3n els seg\u00fcents:<\/p>\n\n\n\n<p>Adre\u00e7a: Av. Drets Humans N\u00ba3 \u2014 46600 Alzira (Valencia)<\/p>\n\n\n\n<p>Tel\u00e8fon de contacte: 962401974<\/p>\n\n\n\n<p>Email de contacte: servomac@servomac.es<\/p>\n\n\n\n<h4 class=\"wp-block-heading\">Registre de Dades de Car\u00e0cter Personal<\/h4>\n\n\n\n<p>En compliment del que s&#8217;estableix en el RGPD i la LOPD-GDD, l&#8217;informem que les dades personals recaptades per Servomac, mitjan\u00e7ant els formularis estesos en les seues p\u00e0gines quedaran incorporats i seran tractats en el nostre fitxer amb la finalitat de poder facilitar, agilitzar i complir els compromisos establits entre Servomac i l&#8217;Usuari o el manteniment de la relaci\u00f3 que s&#8217;establisca en els formularis que aquest emplene, o per a atendre una sol\u00b7licitud o consulta d&#8217;aquest. Aix\u00ed mateix, de conformitat amb el que es preveu en el RGPD i la LOPD-GDD, llevat que siga aplicable l&#8217;excepci\u00f3 prevista en l&#8217;article 30.5 del RGPD, es mantine un registre d&#8217;activitats de tractament que especifica, segons les seues finalitats, les activitats de tractament dutes a terme i les altres circumst\u00e0ncies establides en el RGPD.<\/p>\n\n\n\n<h4 class=\"wp-block-heading\">Principis aplicables al tractament de les dades personals<\/h4>\n\n\n\n<p>El tractament de les dades personals de l&#8217;Usuari se sotmetr\u00e0 als seg\u00fcents principis recollits en l&#8217;article 5 del RGPD i en l&#8217;article 4 i seg\u00fcents de la Llei org\u00e0nica 3\/2018, de 5 de desembre, de Protecci\u00f3 de Dades Personals i garantia dels drets digitals:<\/p>\n\n\n\n<ul class=\"wp-block-list\">\n<li>Principi de licitud, lleialtat i transpar\u00e8ncia: es requerir\u00e0 en tot moment el consentiment de l&#8217;Usuari pr\u00e8via informaci\u00f3 completament transparent dels fins per als quals es recullen les dades personals.<\/li>\n\n\n\n<li>Principi de limitaci\u00f3 de la finalitat: les dades personals seran recollits amb finalitats determinats, expl\u00edcits i leg\u00edtims.<\/li>\n\n\n\n<li>Principi de minimitzaci\u00f3 de dades: les dades personals recollits seran \u00fanicament els estrictament necessaris en relaci\u00f3 amb els fins per als quals s\u00f3n tractats.<\/li>\n\n\n\n<li>Principi d&#8217;exactitud: les dades personals han de ser exactes i estar sempre actualitzats.<\/li>\n\n\n\n<li>Principi de limitaci\u00f3 del termini de conservaci\u00f3: les dades personals nom\u00e9s seran mantinguts de manera que es permeta la identificaci\u00f3 de l&#8217;Usuari durant el temps necessari per als fins del seu tractament.<\/li>\n\n\n\n<li>Principi d&#8217;integritat i confidencialitat: les dades personals seran tractats de manera que es garantisca la seua seguretat i confidencialitat.<\/li>\n\n\n\n<li>Principi de responsabilitat proactiva: el Responsable del tractament ser\u00e0 responsable d&#8217;assegurar que els principis anteriors es compleixen.<\/li>\n<\/ul>\n\n\n\n<h4 class=\"wp-block-heading\">Categories de dades personals<\/h4>\n\n\n\n<p>Les categories de dades que es tracten en Servomac s\u00f3n \u00fanicament dades identificatives. En cap cas, es tracten categories especials de dades personals en el sentit de l&#8217;article 9 del RGPD.<\/p>\n\n\n\n<h4 class=\"wp-block-heading\">Base legal per al tractament de les dades personals<\/h4>\n\n\n\n<p>La base legal per al tractament de les dades personals \u00e9s el consentiment. Servomac es compromet a recaptar el consentiment expr\u00e9s i verificable de l&#8217;Usuari per al tractament de les seues dades personals per a un o diversos fins espec\u00edfics.<\/p>\n\n\n\n<p>L&#8217;Usuari tindr\u00e0 dret a retirar el seu consentiment en qualsevol moment. Ser\u00e0 tan f\u00e0cil retirar el consentiment com donar-lo. Com a regla general, la retirada del consentiment no condicionar\u00e0 l&#8217;\u00fas del Lloc web.<\/p>\n\n\n\n<p>En les ocasions en les quals l&#8217;Usuari dega o puga facilitar les seues dades a trav\u00e9s de formularis per a realitzar consultes, sol\u00b7licitar informaci\u00f3 o per motius relacionats amb el contingut del Lloc web, se l&#8217;informar\u00e0 en cas que l&#8217;emplenament d&#8217;algun d&#8217;ells siga obligat\u00f2ria pel fet que els mateixos siguen imprescindibles per al correcte desenvolupament de l&#8217;operaci\u00f3 realitzada.<\/p>\n\n\n\n<h4 class=\"wp-block-heading\">Fins del tractament a qu\u00e8 es destinen les dades personals<\/h4>\n\n\n\n<p>Les dades personals s\u00f3n recaptats i gestionats per Servomac amb la finalitat de poder facilitar, agilitzar i complir els compromisos establits entre el Lloc web i l&#8217;Usuari o el manteniment de la relaci\u00f3 que s&#8217;establisca en els formularis que aquest \u00faltim emplene o per a atendre una sol\u00b7licitud o consulta.<\/p>\n\n\n\n<p>Igualment, les dades podran ser utilitzats amb una finalitat comercial de personalitzaci\u00f3, operativa i estad\u00edstica, i activitats pr\u00f2pies de l&#8217;objecte social de Servomac, aix\u00ed com per a l&#8217;extracci\u00f3, emmagatzematge de dades i estudis de m\u00e0rqueting per a adequar el Contingut oferit a l&#8217;Usuari, aix\u00ed com millorar la qualitat, funcionament i navegaci\u00f3 pel Lloc web.<\/p>\n\n\n\n<p>En el moment en qu\u00e8 s&#8217;obtinguen les dades personals, s&#8217;informar\u00e0 l&#8217;Usuari sobre la fi o fins espec\u00edfics del tractament a qu\u00e8 es destinaran les dades personals; \u00e9s a dir, de l&#8217;\u00fas o usos que es donar\u00e0 a la informaci\u00f3 recopilada.<\/p>\n\n\n\n<h4 class=\"wp-block-heading\">Per\u00edodes de retenci\u00f3 de les dades personals<\/h4>\n\n\n\n<p>Les dades personals nom\u00e9s seran retinguts durant el temps m\u00ednim necessari per als fins del seu tractament i, en tot cas, \u00fanicament durant el seg\u00fcent termini: Sempre en cas que s&#8217;indique el contrari, o fins que l&#8217;Usuari sol\u00b7licite la seua supressi\u00f3.<\/p>\n\n\n\n<p>En el moment en qu\u00e8 s&#8217;obtinguen les dades personals, s&#8217;informar\u00e0 l&#8217;Usuari sobre el termini durant el qual es conservaran les dades personals o, quan aix\u00f2 no siga possible, els criteris utilitzats per a determinar aquest termini.<\/p>\n\n\n\n<h4 class=\"wp-block-heading\">Destinataris de les dades personals<\/h4>\n\n\n\n<p>Les dades personals de l&#8217;Usuari no seran compartits amb tercers.<\/p>\n\n\n\n<p>En qualsevol cas, en el moment en qu\u00e8 s&#8217;obtinguen les dades personals, s&#8217;informar\u00e0 l&#8217;Usuari sobre els destinataris o les categories de destinataris de les dades personals.<\/p>\n\n\n\n<h4 class=\"wp-block-heading\">Dades personals de menors d&#8217;edat<\/h4>\n\n\n\n<p>Respectant el que s&#8217;estableix en els articles 8 del RGPD i 7 de la Llei org\u00e0nica 3\/2018, de 5 de desembre, de Protecci\u00f3 de Dades Personals i garantia dels drets digitals, nom\u00e9s els majors de 14 anys podran atorgar el seu consentiment per al tractament de les seues dades personals de manera l\u00edcita per Servomac. Si es tracta d&#8217;un menor de 14 anys, ser\u00e0 necessari el consentiment dels pares o tutors per al tractament, i aquest nom\u00e9s es considerar\u00e0 l\u00edcit en la mesura en la qual els mateixos l&#8217;hagen autoritzat.<\/p>\n\n\n\n<h4 class=\"wp-block-heading\">Secret i seguretat de les dades personals<\/h4>\n\n\n\n<p>Servomac es compromet a adoptar les mesures t\u00e8cniques i organitzatives necess\u00e0ries, segons el nivell de seguretat adequat al risc de les dades recollides, de manera que es garantisca la seguretat de les dades de car\u00e0cter personal i s&#8217;evite la destrucci\u00f3, p\u00e8rdua o alteraci\u00f3 accidental o il\u00b7l\u00edcita de dades personals transmeses, conservats o tractats d&#8217;una altra forma, o la comunicaci\u00f3 o acc\u00e9s no autoritzats a aquestes dades.<\/p>\n\n\n\n<p>El Lloc web compta amb un certificat SSL (Secure Socket Layer), que assegura que les dades personals es transmeten de manera segura i confidencial, a l&#8217;\u00e9sser la transmissi\u00f3 de les dades entre el servidor i l&#8217;Usuari, i en retroalimentaci\u00f3, totalment xifrada o encriptada.<\/p>\n\n\n\n<p>No obstant aix\u00f2, pel fet que Servomac no pot garantir la inexpugabilidad d&#8217;internet ni l&#8217;abs\u00e8ncia total de hackers o altres que accedisquen de manera fraudulenta a les dades personals, el Responsable del tractament es compromet a comunicar a l&#8217;Usuari sense dilaci\u00f3 indeguda quan oc\u00f3rrega una violaci\u00f3 de la seguretat de les dades personals que siga probable que comporte un alt risc per als drets i llibertats de les persones f\u00edsiques. Seguint el que s&#8217;estableix en l&#8217;article 4 del RGPD, s&#8217;ent\u00e9n per violaci\u00f3 de la seguretat de les dades personals tota violaci\u00f3 de la seguretat que ocasione la destrucci\u00f3, p\u00e8rdua o alteraci\u00f3 accidental o il\u00b7l\u00edcita de dades personals transmeses, conservats o tractats d&#8217;una altra forma, o la comunicaci\u00f3 o acc\u00e9s no autoritzats a aquestes dades.<\/p>\n\n\n\n<p>Les dades personals seran tractats com a confidencials pel Responsable del tractament, qui es compromet a informar d&#8217;i a garantir per mitj\u00e0 d&#8217;una obligaci\u00f3 legal o contractual que aquesta confidencialitat siga respectada pels seus empleats, associats, i tota persona a la qual li fa\u00e7a accessible la informaci\u00f3.<\/p>\n\n\n\n<h4 class=\"wp-block-heading\">Drets derivats del tractament de les dades personals<\/h4>\n\n\n\n<p>L&#8217;Usuari t\u00e9 sobre Servomac i podr\u00e0, per tant, exercir enfront del Responsable del tractament els seg\u00fcents drets reconeguts en el RGPD i la Llei org\u00e0nica 3\/2018, de 5 de desembre, de Protecci\u00f3 de Dades Personals i garantia dels drets digitals:<\/p>\n\n\n\n<ul class=\"wp-block-list\">\n<li><em>Dret d&#8217;acc\u00e9s:<\/em> \u00c9s el dret de l&#8217;Usuari a obtindre confirmaci\u00f3 de si Servomac est\u00e0 tractant o no les seues dades personals i, en cas afirmatiu, obtindre informaci\u00f3 sobre les seues dades concretes de car\u00e0cter personal i del tractament que Servomac haja realitzat o realitze, aix\u00ed com, entre una altra, de la informaci\u00f3 disponible sobre l&#8217;origen d&#8217;aquestes dades i els destinataris de les comunicacions realitzades o previstes d&#8217;aquests.<\/li>\n\n\n\n<li><em>Dret de rectificaci\u00f3:<\/em> \u00c9s el dret de l&#8217;Usuari al fet que es modifiquen les seues dades personals que resulten ser inexactes o, tenint en compte els fins del tractament, incomplets.Derecho de rectificaci\u00f3n:<\/li>\n\n\n\n<li><em>Dret de supressi\u00f3 (&#8220;el dret a l&#8217;oblit&#8221;):<\/em> \u00c9s el dret de l&#8217;Usuari, sempre que la legislaci\u00f3 vigent no establisca el contrari, a obtindre la supressi\u00f3 de les seues dades personals quan aquests ja no siguen necessaris per als fins per als quals van ser recollits o tractats; l&#8217;Usuari haja retirat el seu consentiment al tractament i aquest no compte amb una altra base legal; l&#8217;Usuari s&#8217;opose al tractament i no existisca un altre motiu leg\u00edtim per a continuar amb aquest; les dades personals hagen sigut tractats il\u00edcitamentemente; les dades personals hagen de suprimir-se en compliment d&#8217;una obligaci\u00f3 legal; o les dades personals hagen sigut obtinguts producte d&#8217;una oferta directa de serveis de la societat de la informaci\u00f3 a un menor de 14 anys. A m\u00e9s de suprimir les dades, el Responsable del tractament, tenint en compte la tecnologia disponible i el cost de la seua aplicaci\u00f3, haur\u00e0 d&#8217;adoptar mesures raonables per a informar els responsables que estiguen tractant les dades personals de la sol\u00b7licitud de l&#8217;interessat de supressi\u00f3 de qualsevol enlla\u00e7 a aqueixes dades personals.<\/li>\n\n\n\n<li><em>Dret a la limitaci\u00f3 del tractament:<\/em> \u00c9s el dret de l&#8217;Usuari a limitar el tractament de les seues dades personals. L&#8217;Usuari t\u00e9 dret a obtindre la limitaci\u00f3 del tractament quan impugne l&#8217;exactitud de les seues dades personals; el tractament siga il\u00b7l\u00edcit; el Responsable del tractament ja no necessite les dades personals, per\u00f2 l&#8217;Usuari el necessite per a fer reclamacions; i quan l&#8217;Usuari s&#8217;haja oposat al tractament.<\/li>\n\n\n\n<li><em>Dret a la portabilitat de les dades:<\/em> En cas que el tractament s&#8217;efectue per mitjans automatitzats, l&#8217;Usuari tindr\u00e0 dret a rebre del Responsable del tractament les seues dades personals en un format estructurat, d&#8217;\u00fas com\u00fa i lectura mec\u00e0nica, i a transmetre&#8217;ls a un altre responsable del tractament. Sempre que siga t\u00e8cnicament possible, el Responsable del tractament transmetr\u00e0 directament les dades a aqueix altre responsable.<\/li>\n\n\n\n<li><em>Dret d&#8217;oposici\u00f3:<\/em> \u00c9s el dret de l&#8217;Usuari al fet que no es duga a terme el tractament de les seues dades de car\u00e0cter personal o se cesse el tractament dels mateixos per part de Servomac.<\/li>\n\n\n\n<li><em>Dret a no ser a no ser objecte d&#8217;una decisi\u00f3 basada \u00fanicament en el tractament automatitzat, inclosa l&#8217;elaboraci\u00f3 de perfils:<\/em> \u00c9s el dret de l&#8217;Usuari a no ser objecte d&#8217;una decisi\u00f3 individualitzada basada \u00fanicament en el tractament automatitzat de les seues dades personals, inclosa l&#8217;elaboraci\u00f3 de perfils, existent llevat que la legislaci\u00f3 vigent establisca el contrari.<\/li>\n<\/ul>\n\n\n\n<p>Aix\u00ed doncs, l&#8217;Usuari podr\u00e0 exercitar els seus drets mitjan\u00e7ant comunicaci\u00f3 escrita dirigida al Responsable del tractament amb la refer\u00e8ncia &#8220;RGPD-https:\/\/www.servomac.es&#8221;, especificant:<\/p>\n\n\n\n<ul class=\"wp-block-list\">\n<li>Nom, cognoms de l&#8217;Usuari i c\u00f2pia del DNI. En els casos en qu\u00e8 s&#8217;admeta la representaci\u00f3, ser\u00e0 tamb\u00e9 necess\u00e0ria la identificaci\u00f3 pel mateix mitj\u00e0 de la persona que representa a l&#8217;Usuari, aix\u00ed com el document acreditatiu de la representaci\u00f3. La fotoc\u00f2pia del DNI podr\u00e0 ser substitu\u00efda, per qualsevol altre mig v\u00e0lid en dret que acredite la identitat.<\/li>\n\n\n\n<li>Petici\u00f3 amb els motius espec\u00edfics de la sol\u00b7licitud o informaci\u00f3 a la qual es vol accedir.<\/li>\n\n\n\n<li>Domicili a efecte de notificacions.<\/li>\n\n\n\n<li>Data i signatura del sol\u00b7licitant.<\/li>\n\n\n\n<li>Tot document que acredite la petici\u00f3 que formula.<\/li>\n<\/ul>\n\n\n\n<p>Aquesta sol\u00b7licitud i tot un altre document adjunt podr\u00e0 enviar-se a la seg\u00fcent adre\u00e7a i\/o correu electr\u00f2nic:<\/p>\n\n\n\n<p>Adre\u00e7a postal: Av. Drets Humans N\u00ba3 \u2014 46600 Alzira (Valencia)<\/p>\n\n\n\n<p>Correu electr\u00f2nic: servomac@servomac.es<\/p>\n\n\n\n<h4 class=\"wp-block-heading\">Enlla\u00e7os a llocs web de tercers<\/h4>\n\n\n\n<p>El Lloc web pot incloure enlla\u00e7os o enlla\u00e7os que permeten accedir a p\u00e0gines web de tercers diferents de Servomac, i que per tant no s\u00f3n operats per Servomac. Els titulars d&#8217;aquests llocs web disposaran de les seues pr\u00f2pies pol\u00edtiques de protecci\u00f3 de dades, sent ells mateixos, en cada cas, responsables dels seus propis fitxers i de les seues pr\u00f2pies pr\u00e0ctiques de privacitat.<\/p>\n\n\n\n<h4 class=\"wp-block-heading\">Reclamacions davant l&#8217;autoritat de control<\/h4>\n\n\n\n<p>En cas que l&#8217;Usuari considere que existeix un problema o infracci\u00f3 de la normativa vigent en la forma en la qual s&#8217;estan tractant les seues dades personals, tindr\u00e0 dret a la tutela judicial efectiva i a presentar una reclamaci\u00f3 davant una autoritat de control, en particular, en l&#8217;Estat en el qual tinga la seua resid\u00e8ncia habitual, lloc de treball o lloc de la suposada infracci\u00f3. En el cas d&#8217;Espanya, l&#8217;autoritat de control \u00e9s l&#8217;Ag\u00e8ncia Espanyola de Protecci\u00f3 de Dades (http:\/\/www.agpd.es).<\/p>\n\n\n\n<h3 class=\"wp-block-heading\">II. ACCEPTACI\u00d3 I CANVIS EN AQUESTA POL\u00cdTICA DE PRIVACITAT<\/h3>\n\n\n\n<p>\u00c9s necessari que l&#8217;Usuari haja llegit i estiga conforme amb les condicions sobre la protecci\u00f3 de dades de car\u00e0cter personal contingudes en aquesta Pol\u00edtica de Privacitat, aix\u00ed com que accepte el tractament de les seues dades personals perqu\u00e8 el Responsable del tractament puga procedir al mateix en la forma, durant els terminis i per a les finalitats indicades. L&#8217;\u00fas del Lloc web implicar\u00e0 l&#8217;acceptaci\u00f3 de la Pol\u00edtica de Privacitat d&#8217;aquest.<\/p>\n\n\n\n<p>Servomac es reserva el dret a modificar la seua Pol\u00edtica de Privacitat, d&#8217;acord amb el seu propi criteri, o motivat per un canvi legislatiu, jurisprudencial o doctrinal de l&#8217;Ag\u00e8ncia Espanyola de Protecci\u00f3 de Dades. Els canvis o actualitzacions d&#8217;aquesta Pol\u00edtica de Privacitat no seran notificats de manera expl\u00edcita a l&#8217;Usuari. Es recomana a l&#8217;Usuari consultar aquesta p\u00e0gina de manera peri\u00f2dica per a estar al corrent dels \u00faltims canvis o actualitzacions.<\/p>\n\n\n\n<p>Aquesta Pol\u00edtica de Privacitat va ser actualitzada per a adaptar-se al Reglament (UE) 2016\/679 del Parlament Europeu i del Consell, de 27 d&#8217;abril de 2016, relatiu a la protecci\u00f3 de les persones f\u00edsiques pel que fa al tractament de dades personals i a la lliure circulaci\u00f3 d&#8217;aquestes dades (RGPD) i a la Llei org\u00e0nica 3\/2018, de 5 de desembre, de Protecci\u00f3 de Dades Personals i garantia dels drets digitals.<\/p>\n\n\n\n<div style=\"height:100px\" aria-hidden=\"true\" class=\"wp-block-spacer\"><\/div>\n<\/div>\n","protected":false},"excerpt":{"rendered":"<p>Pol\u00edtica de privacitat POL\u00cdTICA DE PRIVACITAT DEL LLOC WEB https:\/\/www.servomac.es I. POL\u00cdTICA DE PRIVACITAT I PROTECCI\u00d3 DE DADES Respectant el que s&#8217;estableix en la legislaci\u00f3 vigent, Servomac (d&#8217;ara en avant, tamb\u00e9 Lloc web) es compromet a adoptar les mesures t\u00e8cniques i organitzatives necess\u00e0ries, segons el nivell de seguretat adequat al risc de les dades recollides. [&hellip;]<\/p>\n","protected":false},"author":1,"featured_media":0,"parent":0,"menu_order":0,"comment_status":"closed","ping_status":"open","template":"","meta":{"_eb_attr":"","inline_featured_image":false,"footnotes":""},"class_list":["post-2062","page","type-page","status-publish","hentry"],"_links":{"self":[{"href":"https:\/\/www.servomac.es\/ca\/wp-json\/wp\/v2\/pages\/2062","targetHints":{"allow":["GET"]}}],"collection":[{"href":"https:\/\/www.servomac.es\/ca\/wp-json\/wp\/v2\/pages"}],"about":[{"href":"https:\/\/www.servomac.es\/ca\/wp-json\/wp\/v2\/types\/page"}],"author":[{"embeddable":true,"href":"https:\/\/www.servomac.es\/ca\/wp-json\/wp\/v2\/users\/1"}],"replies":[{"embeddable":true,"href":"https:\/\/www.servomac.es\/ca\/wp-json\/wp\/v2\/comments?post=2062"}],"version-history":[{"count":1,"href":"https:\/\/www.servomac.es\/ca\/wp-json\/wp\/v2\/pages\/2062\/revisions"}],"predecessor-version":[{"id":2063,"href":"https:\/\/www.servomac.es\/ca\/wp-json\/wp\/v2\/pages\/2062\/revisions\/2063"}],"wp:attachment":[{"href":"https:\/\/www.servomac.es\/ca\/wp-json\/wp\/v2\/media?parent=2062"}],"curies":[{"name":"wp","href":"https:\/\/api.w.org\/{rel}","templated":true}]}}